{"id":1226,"date":"2021-04-25T15:35:01","date_gmt":"2021-04-25T19:35:01","guid":{"rendered":"https:\/\/ebakaimmigration.com\/?page_id=1226"},"modified":"2021-06-07T19:22:02","modified_gmt":"2021-06-07T23:22:02","slug":"privacy-policy","status":"publish","type":"page","link":"https:\/\/ebakaimmigration.com\/fr\/privacy-policy\/","title":{"rendered":"Politique De Confidentialit\u00e9"},"content":{"rendered":"<div data-elementor-type=\"wp-page\" data-elementor-id=\"1226\" class=\"elementor elementor-1226\">\n\t\t\t\t\t\t<section class=\"elementor-section elementor-top-section elementor-element elementor-element-f891908 elementor-section-boxed elementor-section-height-default elementor-section-height-default\" data-id=\"f891908\" data-element_type=\"section\">\n\t\t\t\t\t\t<div class=\"elementor-container elementor-column-gap-default\">\n\t\t\t\t\t<div class=\"elementor-column elementor-col-100 elementor-top-column elementor-element elementor-element-f0f6570\" data-id=\"f0f6570\" data-element_type=\"column\">\n\t\t\t<div class=\"elementor-widget-wrap elementor-element-populated\">\n\t\t\t\t\t\t<div class=\"elementor-element elementor-element-2c31200 elementor-widget elementor-widget-text-editor\" data-id=\"2c31200\" data-element_type=\"widget\" data-widget_type=\"text-editor.default\">\n\t\t\t\t<div class=\"elementor-widget-container\">\n\t\t\t\t\t\t\t<!-- wp:heading -->\n<p><span data-preserver-spaces=\"true\">Tous les d\u00e9tails que vous nous fournissez via Ebakaimmigration.com, m\u00e9dias sociaux, e-mails, et les formes sont ajout\u00e9s \u00e0 notre base de donn\u00e9es. Pour utiliser les services personnalis\u00e9s que nous offrons de temps \u00e0 autre, nous collectons des informations personnelles de contact pour faciliter l&#039;utilisation de nos services.\u00a0<\/span><\/p>\n<p><span data-preserver-spaces=\"true\"><strong>CONSENTEMENT<\/strong><br \/><\/span><\/p>\n<p><span data-preserver-spaces=\"true\">En utilisant notre site web, vous consentez \u00e0 la collecte et \u00e0 l&#039;utilisation de vos informations personnelles. Nous pouvons modifier les informations figurant sur cette page \u00e0 tout moment et sans pr\u00e9avis.\u00a0<\/span><\/p>\n<p><strong>L&#039;UTILISATION DE L&#039;INFORMATION<span data-preserver-spaces=\"true\"><br \/><\/span><\/strong><\/p>\n<p><span data-preserver-spaces=\"true\">Ebakaimmigration.com peut fournir des informations de notre base de donn\u00e9es \u00e0 des soci\u00e9t\u00e9s tierces agissant en notre nom, pour le client, de l&#039;administration, du soutien et de marketing.<\/span><\/p>\n<p><span data-preserver-spaces=\"true\">Nous envoyer d&#039;information et de promotion e-mails que vous avez demand\u00e9s ou souscrit par le biais de notre newsletter de temps en temps. Cette information peut vous int\u00e9resser et \u00eatre pertinents pour votre projet d&#039;immigration; ces e-mails peuvent inclure:<\/span><\/p>\n<p><strong>\u2022 Details of our services.<\/strong><\/p>\n<p><strong>\u2022\u00a0Newsletters.<\/strong><\/p>\n<p><strong>\u2022\u00a0General updates on Canadian immigration<\/strong><\/p>\n<p><span data-preserver-spaces=\"true\">Ebakaimmigration Inc. ne vendons pas vos renseignements personnels.\u00a0<\/span><\/p>\n<p><span data-preserver-spaces=\"true\"><strong>L&#039;ACC\u00c8S AUX RENSEIGNEMENTS PERSONNELS<\/strong><br \/><\/span><\/p>\n<p><span data-preserver-spaces=\"true\">Pour acc\u00e9der, modifier ou supprimer vos informations personnelles de notre base de donn\u00e9es, veuillez nous contacter \u00e0 info@Ebakaimmigration.com.<\/span><\/p>\n<p><span data-preserver-spaces=\"true\">Supposons que vous rencontrez des erreurs de soumission ou de web questions. Veuillez contacter notre \u00e9quipe de soutien \u00e0 info@Ebakaimmigration.com.\u00a0<\/span><\/p>\n<!-- \/wp:paragraph -->\t\t\t\t\t\t<\/div>\n\t\t\t\t<\/div>\n\t\t\t\t\t<\/div>\n\t\t<\/div>\n\t\t\t\t\t<\/div>\n\t\t<\/section>\n\t\t\t\t<\/div>","protected":false},"excerpt":{"rendered":"<p>All details you provide to us via Ebakaimmigration.com, social media, emails, and forms are added to our database. To use [&hellip;]<\/p>\n","protected":false},"author":1,"featured_media":3229,"parent":0,"menu_order":0,"comment_status":"closed","ping_status":"closed","template":"","meta":{"_coblocks_attr":"","_coblocks_dimensions":"","_coblocks_responsive_height":"","_coblocks_accordion_ie_support":"","footnotes":""},"class_list":["post-1226","page","type-page","status-publish","has-post-thumbnail","hentry"],"yoast_head":"<!-- This site is optimized with the Yoast SEO plugin v27.5 - https:\/\/yoast.com\/product\/yoast-seo-wordpress\/ -->\n<title>Privacy Policy - Canadian immigration consultancy | immigration consultant in Ottawa | E.Baka Immigration<\/title>\n<meta name=\"robots\" content=\"index, follow, max-snippet:-1, max-image-preview:large, max-video-preview:-1\" \/>\n<link rel=\"canonical\" href=\"https:\/\/ebakaimmigration.com\/fr\/privacy-policy\/\" \/>\n<meta property=\"og:locale\" content=\"fr_FR\" \/>\n<meta property=\"og:type\" content=\"article\" \/>\n<meta property=\"og:title\" content=\"Privacy Policy - Canadian immigration consultancy | immigration consultant in Ottawa | E.Baka Immigration\" \/>\n<meta property=\"og:description\" content=\"All details you provide to us via Ebakaimmigration.com, social media, emails, and forms are added to our database. To use [&hellip;]\" \/>\n<meta property=\"og:url\" content=\"https:\/\/ebakaimmigration.com\/fr\/privacy-policy\/\" \/>\n<meta property=\"og:site_name\" content=\"Canadian immigration consultancy | immigration consultant in Ottawa | E.Baka Immigration\" \/>\n<meta property=\"article:modified_time\" content=\"2021-06-07T23:22:02+00:00\" \/>\n<meta property=\"og:image\" content=\"https:\/\/ebakaimmigration.com\/wp-content\/uploads\/2021\/05\/Privacy-2.jpg\" \/>\n\t<meta property=\"og:image:width\" content=\"1280\" \/>\n\t<meta property=\"og:image:height\" content=\"360\" \/>\n\t<meta property=\"og:image:type\" content=\"image\/jpeg\" \/>\n<meta name=\"twitter:card\" content=\"summary_large_image\" \/>\n<meta name=\"twitter:label1\" content=\"Dur\u00e9e de lecture estim\u00e9e\" \/>\n\t<meta name=\"twitter:data1\" content=\"1 minute\" \/>\n<script type=\"application\/ld+json\" class=\"yoast-schema-graph\">{\"@context\":\"https:\\\/\\\/schema.org\",\"@graph\":[{\"@type\":\"WebPage\",\"@id\":\"https:\\\/\\\/ebakaimmigration.com\\\/privacy-policy\\\/\",\"url\":\"https:\\\/\\\/ebakaimmigration.com\\\/privacy-policy\\\/\",\"name\":\"Privacy Policy - Canadian immigration consultancy | immigration consultant in Ottawa | E.Baka Immigration\",\"isPartOf\":{\"@id\":\"https:\\\/\\\/ebakaimmigration.com\\\/#website\"},\"primaryImageOfPage\":{\"@id\":\"https:\\\/\\\/ebakaimmigration.com\\\/privacy-policy\\\/#primaryimage\"},\"image\":{\"@id\":\"https:\\\/\\\/ebakaimmigration.com\\\/privacy-policy\\\/#primaryimage\"},\"thumbnailUrl\":\"https:\\\/\\\/ebakaimmigration.com\\\/wp-content\\\/uploads\\\/2021\\\/05\\\/Privacy-2.jpg\",\"datePublished\":\"2021-04-25T19:35:01+00:00\",\"dateModified\":\"2021-06-07T23:22:02+00:00\",\"breadcrumb\":{\"@id\":\"https:\\\/\\\/ebakaimmigration.com\\\/privacy-policy\\\/#breadcrumb\"},\"inLanguage\":\"fr-FR\",\"potentialAction\":[{\"@type\":\"ReadAction\",\"target\":[\"https:\\\/\\\/ebakaimmigration.com\\\/privacy-policy\\\/\"]}]},{\"@type\":\"ImageObject\",\"inLanguage\":\"fr-FR\",\"@id\":\"https:\\\/\\\/ebakaimmigration.com\\\/privacy-policy\\\/#primaryimage\",\"url\":\"https:\\\/\\\/ebakaimmigration.com\\\/wp-content\\\/uploads\\\/2021\\\/05\\\/Privacy-2.jpg\",\"contentUrl\":\"https:\\\/\\\/ebakaimmigration.com\\\/wp-content\\\/uploads\\\/2021\\\/05\\\/Privacy-2.jpg\",\"width\":1280,\"height\":360},{\"@type\":\"BreadcrumbList\",\"@id\":\"https:\\\/\\\/ebakaimmigration.com\\\/privacy-policy\\\/#breadcrumb\",\"itemListElement\":[{\"@type\":\"ListItem\",\"position\":1,\"name\":\"Home\",\"item\":\"https:\\\/\\\/ebakaimmigration.com\\\/\"},{\"@type\":\"ListItem\",\"position\":2,\"name\":\"Privacy Policy\"}]},{\"@type\":\"WebSite\",\"@id\":\"https:\\\/\\\/ebakaimmigration.com\\\/#website\",\"url\":\"https:\\\/\\\/ebakaimmigration.com\\\/\",\"name\":\"Canadian immigration consultancy | immigration consultant in Ottawa | E.Baka Immigration\",\"description\":\"\",\"publisher\":{\"@id\":\"https:\\\/\\\/ebakaimmigration.com\\\/#organization\"},\"potentialAction\":[{\"@type\":\"SearchAction\",\"target\":{\"@type\":\"EntryPoint\",\"urlTemplate\":\"https:\\\/\\\/ebakaimmigration.com\\\/?s={search_term_string}\"},\"query-input\":{\"@type\":\"PropertyValueSpecification\",\"valueRequired\":true,\"valueName\":\"search_term_string\"}}],\"inLanguage\":\"fr-FR\"},{\"@type\":\"Organization\",\"@id\":\"https:\\\/\\\/ebakaimmigration.com\\\/#organization\",\"name\":\"Canadian immigration consultancy | immigration consultant in Ottawa | E.Baka Immigration\",\"url\":\"https:\\\/\\\/ebakaimmigration.com\\\/\",\"logo\":{\"@type\":\"ImageObject\",\"inLanguage\":\"fr-FR\",\"@id\":\"https:\\\/\\\/ebakaimmigration.com\\\/#\\\/schema\\\/logo\\\/image\\\/\",\"url\":\"https:\\\/\\\/ebakaimmigration.com\\\/wp-content\\\/uploads\\\/2021\\\/04\\\/cropped-Logo-file-for-anyone-that-needs-to-print-it-e1619717318548-1.png\",\"contentUrl\":\"https:\\\/\\\/ebakaimmigration.com\\\/wp-content\\\/uploads\\\/2021\\\/04\\\/cropped-Logo-file-for-anyone-that-needs-to-print-it-e1619717318548-1.png\",\"width\":300,\"height\":98,\"caption\":\"Canadian immigration consultancy | immigration consultant in Ottawa | E.Baka Immigration\"},\"image\":{\"@id\":\"https:\\\/\\\/ebakaimmigration.com\\\/#\\\/schema\\\/logo\\\/image\\\/\"}}]}<\/script>\n<!-- \/ Yoast SEO plugin. -->","yoast_head_json":{"title":"Privacy Policy - Canadian immigration consultancy | immigration consultant in Ottawa | E.Baka Immigration","robots":{"index":"index","follow":"follow","max-snippet":"max-snippet:-1","max-image-preview":"max-image-preview:large","max-video-preview":"max-video-preview:-1"},"canonical":"https:\/\/ebakaimmigration.com\/fr\/privacy-policy\/","og_locale":"fr_FR","og_type":"article","og_title":"Privacy Policy - Canadian immigration consultancy | immigration consultant in Ottawa | E.Baka Immigration","og_description":"All details you provide to us via Ebakaimmigration.com, social media, emails, and forms are added to our database. To use [&hellip;]","og_url":"https:\/\/ebakaimmigration.com\/fr\/privacy-policy\/","og_site_name":"Canadian immigration consultancy | immigration consultant in Ottawa | E.Baka Immigration","article_modified_time":"2021-06-07T23:22:02+00:00","og_image":[{"width":1280,"height":360,"url":"https:\/\/ebakaimmigration.com\/wp-content\/uploads\/2021\/05\/Privacy-2.jpg","type":"image\/jpeg"}],"twitter_card":"summary_large_image","twitter_misc":{"Dur\u00e9e de lecture estim\u00e9e":"1 minute"},"schema":{"@context":"https:\/\/schema.org","@graph":[{"@type":"WebPage","@id":"https:\/\/ebakaimmigration.com\/privacy-policy\/","url":"https:\/\/ebakaimmigration.com\/privacy-policy\/","name":"Privacy Policy - Canadian immigration consultancy | immigration consultant in Ottawa | E.Baka Immigration","isPartOf":{"@id":"https:\/\/ebakaimmigration.com\/#website"},"primaryImageOfPage":{"@id":"https:\/\/ebakaimmigration.com\/privacy-policy\/#primaryimage"},"image":{"@id":"https:\/\/ebakaimmigration.com\/privacy-policy\/#primaryimage"},"thumbnailUrl":"https:\/\/ebakaimmigration.com\/wp-content\/uploads\/2021\/05\/Privacy-2.jpg","datePublished":"2021-04-25T19:35:01+00:00","dateModified":"2021-06-07T23:22:02+00:00","breadcrumb":{"@id":"https:\/\/ebakaimmigration.com\/privacy-policy\/#breadcrumb"},"inLanguage":"fr-FR","potentialAction":[{"@type":"ReadAction","target":["https:\/\/ebakaimmigration.com\/privacy-policy\/"]}]},{"@type":"ImageObject","inLanguage":"fr-FR","@id":"https:\/\/ebakaimmigration.com\/privacy-policy\/#primaryimage","url":"https:\/\/ebakaimmigration.com\/wp-content\/uploads\/2021\/05\/Privacy-2.jpg","contentUrl":"https:\/\/ebakaimmigration.com\/wp-content\/uploads\/2021\/05\/Privacy-2.jpg","width":1280,"height":360},{"@type":"BreadcrumbList","@id":"https:\/\/ebakaimmigration.com\/privacy-policy\/#breadcrumb","itemListElement":[{"@type":"ListItem","position":1,"name":"Home","item":"https:\/\/ebakaimmigration.com\/"},{"@type":"ListItem","position":2,"name":"Privacy Policy"}]},{"@type":"WebSite","@id":"https:\/\/ebakaimmigration.com\/#website","url":"https:\/\/ebakaimmigration.com\/","name":"Canadian immigration consultancy | immigration consultant in Ottawa | E.Baka Immigration","description":"","publisher":{"@id":"https:\/\/ebakaimmigration.com\/#organization"},"potentialAction":[{"@type":"SearchAction","target":{"@type":"EntryPoint","urlTemplate":"https:\/\/ebakaimmigration.com\/?s={search_term_string}"},"query-input":{"@type":"PropertyValueSpecification","valueRequired":true,"valueName":"search_term_string"}}],"inLanguage":"fr-FR"},{"@type":"Organization","@id":"https:\/\/ebakaimmigration.com\/#organization","name":"Canadian immigration consultancy | immigration consultant in Ottawa | E.Baka Immigration","url":"https:\/\/ebakaimmigration.com\/","logo":{"@type":"ImageObject","inLanguage":"fr-FR","@id":"https:\/\/ebakaimmigration.com\/#\/schema\/logo\/image\/","url":"https:\/\/ebakaimmigration.com\/wp-content\/uploads\/2021\/04\/cropped-Logo-file-for-anyone-that-needs-to-print-it-e1619717318548-1.png","contentUrl":"https:\/\/ebakaimmigration.com\/wp-content\/uploads\/2021\/04\/cropped-Logo-file-for-anyone-that-needs-to-print-it-e1619717318548-1.png","width":300,"height":98,"caption":"Canadian immigration consultancy | immigration consultant in Ottawa | E.Baka Immigration"},"image":{"@id":"https:\/\/ebakaimmigration.com\/#\/schema\/logo\/image\/"}}]}},"_links":{"self":[{"href":"https:\/\/ebakaimmigration.com\/fr\/wp-json\/wp\/v2\/pages\/1226","targetHints":{"allow":["GET"]}}],"collection":[{"href":"https:\/\/ebakaimmigration.com\/fr\/wp-json\/wp\/v2\/pages"}],"about":[{"href":"https:\/\/ebakaimmigration.com\/fr\/wp-json\/wp\/v2\/types\/page"}],"author":[{"embeddable":true,"href":"https:\/\/ebakaimmigration.com\/fr\/wp-json\/wp\/v2\/users\/1"}],"replies":[{"embeddable":true,"href":"https:\/\/ebakaimmigration.com\/fr\/wp-json\/wp\/v2\/comments?post=1226"}],"version-history":[{"count":23,"href":"https:\/\/ebakaimmigration.com\/fr\/wp-json\/wp\/v2\/pages\/1226\/revisions"}],"predecessor-version":[{"id":3597,"href":"https:\/\/ebakaimmigration.com\/fr\/wp-json\/wp\/v2\/pages\/1226\/revisions\/3597"}],"wp:featuredmedia":[{"embeddable":true,"href":"https:\/\/ebakaimmigration.com\/fr\/wp-json\/wp\/v2\/media\/3229"}],"wp:attachment":[{"href":"https:\/\/ebakaimmigration.com\/fr\/wp-json\/wp\/v2\/media?parent=1226"}],"curies":[{"name":"wp","href":"https:\/\/api.w.org\/{rel}","templated":true}]}}