{"id":3,"date":"2021-04-07T23:40:52","date_gmt":"2021-04-07T23:40:52","guid":{"rendered":"https:\/\/ebakaimmigration.com\/?page_id=3"},"modified":"2021-05-18T11:50:55","modified_gmt":"2021-05-18T15:50:55","slug":"terms-of-use","status":"publish","type":"page","link":"https:\/\/ebakaimmigration.com\/fr\/terms-of-use\/","title":{"rendered":"Conditions D&#039;Utilisation"},"content":{"rendered":"<div data-elementor-type=\"wp-page\" data-elementor-id=\"3\" class=\"elementor elementor-3\">\n\t\t\t\t\t\t<section class=\"elementor-section elementor-top-section elementor-element elementor-element-116f05ed elementor-section-boxed elementor-section-height-default elementor-section-height-default\" data-id=\"116f05ed\" data-element_type=\"section\">\n\t\t\t\t\t\t<div class=\"elementor-container elementor-column-gap-default\">\n\t\t\t\t\t<div class=\"elementor-column elementor-col-100 elementor-top-column elementor-element elementor-element-4075f78c\" data-id=\"4075f78c\" data-element_type=\"column\">\n\t\t\t<div class=\"elementor-widget-wrap elementor-element-populated\">\n\t\t\t\t\t\t<div class=\"elementor-element elementor-element-6e584738 elementor-widget elementor-widget-text-editor\" data-id=\"6e584738\" data-element_type=\"widget\" data-widget_type=\"text-editor.default\">\n\t\t\t\t<div class=\"elementor-widget-container\">\n\t\t\t\t\t\t\t<!-- wp:heading -->\n<p>Le terme \u201cEbakaimmigration.com, ( \u201cnous\u201d ou \u201cnous\u201d) d\u00e9signe le propri\u00e9taire de ce site. Lorsque l&#039;on se r\u00e9f\u00e8re au terme \u201cvous\u201d, il fait r\u00e9f\u00e9rence \u00e0 l&#039;utilisateur de ce site web.<\/p>\n<p>Merci pour votre visite Ebakaimmigration.com. En parcourant le site et de fournir des informations par le biais de ce site web, vous acceptez les termes et conditions suivants. Avec notre politique de confidentialit\u00e9, les termes et conditions r\u00e9gissent notre relation avec vous au sujet de notre site web et nos services.<\/p>\n<p>Ebakaimmigration.com est la publicit\u00e9 site web pour les services fournis par E. Baka de l&#039;Immigration Inc. Les consultants en immigration, \u00e0 l&#039;E. Baka de l&#039;Immigration sont autoris\u00e9s et r\u00e9glement\u00e9s par les Consultants en Immigration du Canada en mati\u00e8re de R\u00e9glementation du Conseil (CRCIC). Notre entreprise offre une vaste de services en mati\u00e8re d&#039;immigration. Nos Consultants agr\u00e9\u00e9s en Immigration de traiter votre dossier d&#039;immigration \u00e0 partir de la consultation initiale \u00e0 la conclusion de votre application.<\/p>\n<p>Le contenu et les informations disponibles sur Ebakaimmigration.com sont pour votre information g\u00e9n\u00e9rale uniquement et sont sujettes \u00e0 changement \u00e0 tout moment.<br \/>Nous ne devons pas en \u00eatre tenue pour responsable de l&#039;exactitude, de l&#039;actualit\u00e9, l&#039;exhaustivit\u00e9, ou suitableness de l&#039;information sur notre site web. En utilisant Ebakaimmigration.com, vous vous engagez \u00e0 utiliser ce site web \u00e0 votre discr\u00e9tion. Les informations mises \u00e0 disposition sur Ebakaimmigratiom.com peut contenir des erreurs ou inexactitudes pour lesquelles nous n&#039;assumons aucune responsabilit\u00e9 l\u00e9gale.<\/p>\n<p>Veuillez vous assurer que toute information relative \u00e0 l&#039;immigration, des services, produits et autres mat\u00e9riaux sont adapt\u00e9s \u00e0 vos besoins.<br \/>L&#039;utilisation non autoris\u00e9e de Ebakaimmigration.com est interdit.<br \/>Afin de vous donner plus d&#039;impact ressources, nous pouvons partager des liens vers des sites internet tiers; il ne repr\u00e9sente pas notre approbation de sites web de tiers, les entreprises, les services et les produits. Ces sugg\u00e9rant des liens sur notre site web sont strictement l\u00e0 pour vous aider \u00e0 vous fournir des informations suppl\u00e9mentaires.<\/p>\n<p>Notre pr\u00e9sentes Conditions d&#039;Utilisation sont sujettes \u00e0 changement sans pr\u00e9avis.<\/p>\n<!-- \/wp:paragraph -->\t\t\t\t\t\t<\/div>\n\t\t\t\t<\/div>\n\t\t\t\t\t<\/div>\n\t\t<\/div>\n\t\t\t\t\t<\/div>\n\t\t<\/section>\n\t\t\t\t<\/div>","protected":false},"excerpt":{"rendered":"<p>The term \u201cEbakaimmigration.com, ( \u201cus,\u201d or \u201cwe\u201d) refers to the owner of this site. When referring to the term \u201cyou,\u201d [&hellip;]<\/p>\n","protected":false},"author":1,"featured_media":3230,"parent":0,"menu_order":0,"comment_status":"closed","ping_status":"open","template":"","meta":{"_coblocks_attr":"","_coblocks_dimensions":"","_coblocks_responsive_height":"","_coblocks_accordion_ie_support":"","footnotes":""},"class_list":["post-3","page","type-page","status-publish","has-post-thumbnail","hentry"],"yoast_head":"<!-- This site is optimized with the Yoast SEO plugin v27.5 - https:\/\/yoast.com\/product\/yoast-seo-wordpress\/ -->\n<title>Terms Of Use - Canadian immigration consultancy | immigration consultant in Ottawa | E.Baka Immigration<\/title>\n<meta name=\"robots\" content=\"index, follow, max-snippet:-1, max-image-preview:large, max-video-preview:-1\" \/>\n<link rel=\"canonical\" href=\"https:\/\/ebakaimmigration.com\/fr\/terms-of-use\/\" \/>\n<meta property=\"og:locale\" content=\"fr_FR\" \/>\n<meta property=\"og:type\" content=\"article\" \/>\n<meta property=\"og:title\" content=\"Terms Of Use - Canadian immigration consultancy | immigration consultant in Ottawa | E.Baka Immigration\" \/>\n<meta property=\"og:description\" content=\"The term \u201cEbakaimmigration.com, ( \u201cus,\u201d or \u201cwe\u201d) refers to the owner of this site. When referring to the term \u201cyou,\u201d [&hellip;]\" \/>\n<meta property=\"og:url\" content=\"https:\/\/ebakaimmigration.com\/fr\/terms-of-use\/\" \/>\n<meta property=\"og:site_name\" content=\"Canadian immigration consultancy | immigration consultant in Ottawa | E.Baka Immigration\" \/>\n<meta property=\"article:modified_time\" content=\"2021-05-18T15:50:55+00:00\" \/>\n<meta property=\"og:image\" content=\"https:\/\/ebakaimmigration.com\/wp-content\/uploads\/2021\/05\/Terms-2.jpg\" \/>\n\t<meta property=\"og:image:width\" content=\"1280\" \/>\n\t<meta property=\"og:image:height\" content=\"360\" \/>\n\t<meta property=\"og:image:type\" content=\"image\/jpeg\" \/>\n<meta name=\"twitter:card\" content=\"summary_large_image\" \/>\n<meta name=\"twitter:label1\" content=\"Dur\u00e9e de lecture estim\u00e9e\" \/>\n\t<meta name=\"twitter:data1\" content=\"1 minute\" \/>\n<script type=\"application\/ld+json\" class=\"yoast-schema-graph\">{\"@context\":\"https:\\\/\\\/schema.org\",\"@graph\":[{\"@type\":\"WebPage\",\"@id\":\"https:\\\/\\\/ebakaimmigration.com\\\/terms-of-use\\\/\",\"url\":\"https:\\\/\\\/ebakaimmigration.com\\\/terms-of-use\\\/\",\"name\":\"Terms Of Use - Canadian immigration consultancy | immigration consultant in Ottawa | E.Baka Immigration\",\"isPartOf\":{\"@id\":\"https:\\\/\\\/ebakaimmigration.com\\\/#website\"},\"primaryImageOfPage\":{\"@id\":\"https:\\\/\\\/ebakaimmigration.com\\\/terms-of-use\\\/#primaryimage\"},\"image\":{\"@id\":\"https:\\\/\\\/ebakaimmigration.com\\\/terms-of-use\\\/#primaryimage\"},\"thumbnailUrl\":\"https:\\\/\\\/ebakaimmigration.com\\\/wp-content\\\/uploads\\\/2021\\\/05\\\/Terms-2.jpg\",\"datePublished\":\"2021-04-07T23:40:52+00:00\",\"dateModified\":\"2021-05-18T15:50:55+00:00\",\"breadcrumb\":{\"@id\":\"https:\\\/\\\/ebakaimmigration.com\\\/terms-of-use\\\/#breadcrumb\"},\"inLanguage\":\"fr-FR\",\"potentialAction\":[{\"@type\":\"ReadAction\",\"target\":[\"https:\\\/\\\/ebakaimmigration.com\\\/terms-of-use\\\/\"]}]},{\"@type\":\"ImageObject\",\"inLanguage\":\"fr-FR\",\"@id\":\"https:\\\/\\\/ebakaimmigration.com\\\/terms-of-use\\\/#primaryimage\",\"url\":\"https:\\\/\\\/ebakaimmigration.com\\\/wp-content\\\/uploads\\\/2021\\\/05\\\/Terms-2.jpg\",\"contentUrl\":\"https:\\\/\\\/ebakaimmigration.com\\\/wp-content\\\/uploads\\\/2021\\\/05\\\/Terms-2.jpg\",\"width\":1280,\"height\":360},{\"@type\":\"BreadcrumbList\",\"@id\":\"https:\\\/\\\/ebakaimmigration.com\\\/terms-of-use\\\/#breadcrumb\",\"itemListElement\":[{\"@type\":\"ListItem\",\"position\":1,\"name\":\"Home\",\"item\":\"https:\\\/\\\/ebakaimmigration.com\\\/\"},{\"@type\":\"ListItem\",\"position\":2,\"name\":\"Terms Of Use\"}]},{\"@type\":\"WebSite\",\"@id\":\"https:\\\/\\\/ebakaimmigration.com\\\/#website\",\"url\":\"https:\\\/\\\/ebakaimmigration.com\\\/\",\"name\":\"Canadian immigration consultancy | immigration consultant in Ottawa | E.Baka Immigration\",\"description\":\"\",\"publisher\":{\"@id\":\"https:\\\/\\\/ebakaimmigration.com\\\/#organization\"},\"potentialAction\":[{\"@type\":\"SearchAction\",\"target\":{\"@type\":\"EntryPoint\",\"urlTemplate\":\"https:\\\/\\\/ebakaimmigration.com\\\/?s={search_term_string}\"},\"query-input\":{\"@type\":\"PropertyValueSpecification\",\"valueRequired\":true,\"valueName\":\"search_term_string\"}}],\"inLanguage\":\"fr-FR\"},{\"@type\":\"Organization\",\"@id\":\"https:\\\/\\\/ebakaimmigration.com\\\/#organization\",\"name\":\"Canadian immigration consultancy | immigration consultant in Ottawa | E.Baka Immigration\",\"url\":\"https:\\\/\\\/ebakaimmigration.com\\\/\",\"logo\":{\"@type\":\"ImageObject\",\"inLanguage\":\"fr-FR\",\"@id\":\"https:\\\/\\\/ebakaimmigration.com\\\/#\\\/schema\\\/logo\\\/image\\\/\",\"url\":\"https:\\\/\\\/ebakaimmigration.com\\\/wp-content\\\/uploads\\\/2021\\\/04\\\/cropped-Logo-file-for-anyone-that-needs-to-print-it-e1619717318548-1.png\",\"contentUrl\":\"https:\\\/\\\/ebakaimmigration.com\\\/wp-content\\\/uploads\\\/2021\\\/04\\\/cropped-Logo-file-for-anyone-that-needs-to-print-it-e1619717318548-1.png\",\"width\":300,\"height\":98,\"caption\":\"Canadian immigration consultancy | immigration consultant in Ottawa | E.Baka Immigration\"},\"image\":{\"@id\":\"https:\\\/\\\/ebakaimmigration.com\\\/#\\\/schema\\\/logo\\\/image\\\/\"}}]}<\/script>\n<!-- \/ Yoast SEO plugin. -->","yoast_head_json":{"title":"Terms Of Use - Canadian immigration consultancy | immigration consultant in Ottawa | E.Baka Immigration","robots":{"index":"index","follow":"follow","max-snippet":"max-snippet:-1","max-image-preview":"max-image-preview:large","max-video-preview":"max-video-preview:-1"},"canonical":"https:\/\/ebakaimmigration.com\/fr\/terms-of-use\/","og_locale":"fr_FR","og_type":"article","og_title":"Terms Of Use - Canadian immigration consultancy | immigration consultant in Ottawa | E.Baka Immigration","og_description":"The term \u201cEbakaimmigration.com, ( \u201cus,\u201d or \u201cwe\u201d) refers to the owner of this site. When referring to the term \u201cyou,\u201d [&hellip;]","og_url":"https:\/\/ebakaimmigration.com\/fr\/terms-of-use\/","og_site_name":"Canadian immigration consultancy | immigration consultant in Ottawa | E.Baka Immigration","article_modified_time":"2021-05-18T15:50:55+00:00","og_image":[{"width":1280,"height":360,"url":"https:\/\/ebakaimmigration.com\/wp-content\/uploads\/2021\/05\/Terms-2.jpg","type":"image\/jpeg"}],"twitter_card":"summary_large_image","twitter_misc":{"Dur\u00e9e de lecture estim\u00e9e":"1 minute"},"schema":{"@context":"https:\/\/schema.org","@graph":[{"@type":"WebPage","@id":"https:\/\/ebakaimmigration.com\/terms-of-use\/","url":"https:\/\/ebakaimmigration.com\/terms-of-use\/","name":"Terms Of Use - Canadian immigration consultancy | immigration consultant in Ottawa | E.Baka Immigration","isPartOf":{"@id":"https:\/\/ebakaimmigration.com\/#website"},"primaryImageOfPage":{"@id":"https:\/\/ebakaimmigration.com\/terms-of-use\/#primaryimage"},"image":{"@id":"https:\/\/ebakaimmigration.com\/terms-of-use\/#primaryimage"},"thumbnailUrl":"https:\/\/ebakaimmigration.com\/wp-content\/uploads\/2021\/05\/Terms-2.jpg","datePublished":"2021-04-07T23:40:52+00:00","dateModified":"2021-05-18T15:50:55+00:00","breadcrumb":{"@id":"https:\/\/ebakaimmigration.com\/terms-of-use\/#breadcrumb"},"inLanguage":"fr-FR","potentialAction":[{"@type":"ReadAction","target":["https:\/\/ebakaimmigration.com\/terms-of-use\/"]}]},{"@type":"ImageObject","inLanguage":"fr-FR","@id":"https:\/\/ebakaimmigration.com\/terms-of-use\/#primaryimage","url":"https:\/\/ebakaimmigration.com\/wp-content\/uploads\/2021\/05\/Terms-2.jpg","contentUrl":"https:\/\/ebakaimmigration.com\/wp-content\/uploads\/2021\/05\/Terms-2.jpg","width":1280,"height":360},{"@type":"BreadcrumbList","@id":"https:\/\/ebakaimmigration.com\/terms-of-use\/#breadcrumb","itemListElement":[{"@type":"ListItem","position":1,"name":"Home","item":"https:\/\/ebakaimmigration.com\/"},{"@type":"ListItem","position":2,"name":"Terms Of Use"}]},{"@type":"WebSite","@id":"https:\/\/ebakaimmigration.com\/#website","url":"https:\/\/ebakaimmigration.com\/","name":"Canadian immigration consultancy | immigration consultant in Ottawa | E.Baka Immigration","description":"","publisher":{"@id":"https:\/\/ebakaimmigration.com\/#organization"},"potentialAction":[{"@type":"SearchAction","target":{"@type":"EntryPoint","urlTemplate":"https:\/\/ebakaimmigration.com\/?s={search_term_string}"},"query-input":{"@type":"PropertyValueSpecification","valueRequired":true,"valueName":"search_term_string"}}],"inLanguage":"fr-FR"},{"@type":"Organization","@id":"https:\/\/ebakaimmigration.com\/#organization","name":"Canadian immigration consultancy | immigration consultant in Ottawa | E.Baka Immigration","url":"https:\/\/ebakaimmigration.com\/","logo":{"@type":"ImageObject","inLanguage":"fr-FR","@id":"https:\/\/ebakaimmigration.com\/#\/schema\/logo\/image\/","url":"https:\/\/ebakaimmigration.com\/wp-content\/uploads\/2021\/04\/cropped-Logo-file-for-anyone-that-needs-to-print-it-e1619717318548-1.png","contentUrl":"https:\/\/ebakaimmigration.com\/wp-content\/uploads\/2021\/04\/cropped-Logo-file-for-anyone-that-needs-to-print-it-e1619717318548-1.png","width":300,"height":98,"caption":"Canadian immigration consultancy | immigration consultant in Ottawa | E.Baka Immigration"},"image":{"@id":"https:\/\/ebakaimmigration.com\/#\/schema\/logo\/image\/"}}]}},"_links":{"self":[{"href":"https:\/\/ebakaimmigration.com\/fr\/wp-json\/wp\/v2\/pages\/3","targetHints":{"allow":["GET"]}}],"collection":[{"href":"https:\/\/ebakaimmigration.com\/fr\/wp-json\/wp\/v2\/pages"}],"about":[{"href":"https:\/\/ebakaimmigration.com\/fr\/wp-json\/wp\/v2\/types\/page"}],"author":[{"embeddable":true,"href":"https:\/\/ebakaimmigration.com\/fr\/wp-json\/wp\/v2\/users\/1"}],"replies":[{"embeddable":true,"href":"https:\/\/ebakaimmigration.com\/fr\/wp-json\/wp\/v2\/comments?post=3"}],"version-history":[{"count":12,"href":"https:\/\/ebakaimmigration.com\/fr\/wp-json\/wp\/v2\/pages\/3\/revisions"}],"predecessor-version":[{"id":3231,"href":"https:\/\/ebakaimmigration.com\/fr\/wp-json\/wp\/v2\/pages\/3\/revisions\/3231"}],"wp:featuredmedia":[{"embeddable":true,"href":"https:\/\/ebakaimmigration.com\/fr\/wp-json\/wp\/v2\/media\/3230"}],"wp:attachment":[{"href":"https:\/\/ebakaimmigration.com\/fr\/wp-json\/wp\/v2\/media?parent=3"}],"curies":[{"name":"wp","href":"https:\/\/api.w.org\/{rel}","templated":true}]}}