{"id":440,"date":"2020-08-05T11:36:14","date_gmt":"2020-08-05T11:36:14","guid":{"rendered":"http:\/\/smartdemowp.com\/visarzo\/?page_id=440"},"modified":"2025-03-26T09:12:37","modified_gmt":"2025-03-26T13:12:37","slug":"about-us","status":"publish","type":"page","link":"https:\/\/ebakaimmigration.com\/fr\/about-us\/","title":{"rendered":"\u00c0 Propos De Nous"},"content":{"rendered":"<div data-elementor-type=\"wp-page\" data-elementor-id=\"440\" class=\"elementor elementor-440\">\n\t\t\t\t\t\t<section class=\"elementor-section elementor-top-section elementor-element elementor-element-5c02965 elementor-section-stretched elementor-section-full_width elementor-section-height-default elementor-section-height-default\" data-id=\"5c02965\" data-element_type=\"section\" data-settings=\"{&quot;stretch_section&quot;:&quot;section-stretched&quot;}\">\n\t\t\t\t\t\t<div class=\"elementor-container elementor-column-gap-default\">\n\t\t\t\t\t<div class=\"elementor-column elementor-col-100 elementor-top-column elementor-element elementor-element-02523e0\" data-id=\"02523e0\" data-element_type=\"column\">\n\t\t\t<div class=\"elementor-widget-wrap elementor-element-populated\">\n\t\t\t\t\t\t<div class=\"elementor-element elementor-element-476d003 elementor-widget elementor-widget-visarzo_about\" data-id=\"476d003\" data-element_type=\"widget\" data-widget_type=\"visarzo_about.default\">\n\t\t\t\t<div class=\"elementor-widget-container\">\n\t\t\t\t\t<!-- about-section -->\n\t\t\t\t<section class=\"about-section\">\n\t\t\t<div class=\"pattern-layer\" style=\"background-image: url(https:\/\/ebakaimmigration.com\/wp-content\/uploads\/2020\/07\/pattern-1.png);\"><\/div>\n\t\t\t<div class=\"auto-container\">\n\t\t\t\t<div class=\"row align-items-center clearfix\">\n\t\t\t\t\t<div class=\"col-lg-6 col-md-12 col-sm-12 image-column\">\n\t\t\t\t\t\t<div id=\"image_block_1\">\n\t\t\t\t\t\t\t<div class=\"image-box\">\n\t\t\t\t\t\t\t\t<figure class=\"image\"><img decoding=\"async\" src=\"https:\/\/ebakaimmigration.com\/wp-content\/uploads\/2021\/04\/NIPESTHERBAKA-3.jpg\" title=\"Discover Your Options to Visit Canada\" alt=\"Discover Your Options to Visit Canada\" loading=\"lazy\" \/><\/figure>\n\t\t\t\t\t\t\t\t<div class=\"box\">\n\t\t\t\t\t\t\t\t\t<div class=\"inner\">\n\t\t\t\t\t\t\t\t\t\t<div class=\"icon-box\">\n\t\t\t\t\t\t\t\t\t\t\t<div class=\"icon icon-1\"><\/div>\n\t\t\t\t\t\t\t\t\t\t\t<div class=\"icon icon-2\"><\/div>\n\t\t\t\t\t\t\t\t\t\t<\/div>\n\t\t\t\t\t\t\t\t\t\t<span>Cabinet de conseil en immigration canadienne,<\/span>\n\t\t\t\t\t\t\t\t\t\t<h1>orient\u00e9<\/h1>\n\t\t\t\t\t\t\t\t\t\t<p>VERS LES R\u00c9SULTATS. <\/p>\n\t\t\t\t\t\t\t\t\t<\/div>\n\t\t\t\t\t\t\t\t<\/div>\n\t\t\t\t\t\t\t<\/div>\n\t\t\t\t\t\t<\/div>\n\t\t\t\t\t<\/div>\n\t\t\t\t\t<div class=\"col-lg-6 col-md-12 col-sm-12 content-column\">\n\t\t\t\t\t\t<div id=\"content_block_1\">\n\t\t\t\t\t\t\t<div class=\"content-box\">\n\t\t\t\t\t\t\t\t<div class=\"sec-title\">\n\t\t\t\t\t\t\t\t\t<p><\/p>\n\t\t\t\t\t\t\t\t\t<h2 class=\"about_section\">Pas seulement un cabinet d'immigration traditionnel<\/h2>\n\t\t\t\t\t\t\t\t\t<div class=\"dotted-box\">\n\t\t\t\t\t\t\t\t\t\t<span class=\"dotted\"><\/span>\n\t\t\t\t\t\t\t\t\t\t<span class=\"dotted\"><\/span>\n\t\t\t\t\t\t\t\t\t\t<span class=\"dotted\"><\/span>\n\t\t\t\t\t\t\t\t\t<\/div>\n\t\t\t\t\t\t\t\t<\/div>\n\t\t\t\t\t\t\t\t<div class=\"bold-text\">\n\t\t\t\t\t\t\t\t\t<p><\/p>\n\t\t\t\t\t\t\t\t<\/div>\n\t\t\t\t\t\t\t\t<div class=\"text\">\n\t\t\t\t\t\t\t\t\t<p><p>E. Baka Immigration Inc. est un cabinet de conseil en immigration autoris\u00e9 qui s'engage \u00e0 aider les aspirants canadiens et les visiteurs \u00e0 r\u00e9aliser leurs r\u00eaves en mati\u00e8re d'immigration. Nous avons l'objectif de vous fournir des services de qualit\u00e9 et abordables, qui sont personnalis\u00e9s en fonction de vos besoins individuels. <\/p>\n<\/br>\n<p>Nous offrons des conseils en mati\u00e8re d&#039;immigration, d&#039;assistance et de repr\u00e9sentation pour les gens d&#039;affaires internationaux, les investisseurs, les familles, les \u00e9tudiants, les touristes, les employeurs, les personnes et les familles qui cherchent \u00e0 voyager au Canada pour permanente ou temporaire de relocalisation, de l&#039;emploi, les \u00e9tudes, ou une visite. Nos solutions vous fournir les outils et les connaissances n\u00e9cessaires pour vous aider \u00e0 atteindre et maintenir vos objectifs d&#039;immigration.<\/p>\n<\/br>\n<p>\nEsther Baka, fondatrice de E.Baka Immigration inc, a l'objectif de cr\u00e9er un syst\u00e8me d'immigration inclusif qui vous donne acc\u00e8s \u00e0 des informations et des processus d'immigration actualis\u00e9s afin de garantir que votre dossier est trait\u00e9 de la mani\u00e8re la plus pr\u00e9cise et la plus efficace possible, tout en restant abordable.<\/p>\n<\/br>\n<p>Esther est une consultante en immigration canadienne r\u00e9glement\u00e9e et autoris\u00e9e, qui se sp\u00e9cialise dans tous les aspects li\u00e9s \u00e0 l'immigration. Elle est titulaire d'un dipl\u00f4me accr\u00e9dit\u00e9 de l'Universit\u00e9 De la colombie-Britannique, ce qui lui permet de cr\u00e9er un environment conviviale, bien inform\u00e9 et orient\u00e9 vers les r\u00e9sultats de l'environnement pour ses clients.  <\/p>\n<\/br>\n<p>En choisissant E.Baka Immigration, vous faites confiance \u00e0 une \u00e9quipe d'experts qui se d\u00e9vouent \u00e0 votre r\u00e9ussite. Nous assurons que votre demande est en bon ordre et sans erreur, pr\u00e9sent\u00e9e correctement et trait\u00e9e rapidement. Visitez notre page de services pour explorer les fa\u00e7ons dont nous pouvons vous aider. <\/p>\n\n\n<\/p>\n\t\t\t\t\t\t\t\t<\/div>\n\t\t\t\t\t\t\t\t<div class=\"btn-box\">\n\t\t\t\t\t\t\t\t\t<a href=\"https:\/\/jhu.740.myftpupload.com\/services\/\" rel=\"nofollow\" class=\"theme-btn-two\">D\u00e9couvrez Comment Nous Pouvons Vous Aider<i class=\"flaticon-send\"><\/i><\/a>\n\t\t\t\t\t\t\t\t<\/div>\n\t\t\t\t\t\t\t<\/div>\n\t\t\t\t\t\t<\/div>\n\t\t\t\t\t<\/div>\n\t\t\t\t<\/div>\n\t\t\t<\/div>\n\t\t<\/section>\n\t\t<!-- about-section end -->\n\t\t\t\t<!-- about-style-two end -->\n\t\t\t\t<\/div>\n\t\t\t\t<\/div>\n\t\t\t\t<div class=\"elementor-element elementor-element-ac823c1 elementor-widget elementor-widget-heading\" data-id=\"ac823c1\" data-element_type=\"widget\" data-widget_type=\"heading.default\">\n\t\t\t\t<div class=\"elementor-widget-container\">\n\t\t\t<h3 class=\"elementor-heading-title elementor-size-default\">EN ASSOCIATION AVEC<\/h3>\t\t<\/div>\n\t\t\t\t<\/div>\n\t\t\t\t<div class=\"elementor-element elementor-element-fe34fec elementor-invisible elementor-widget elementor-widget-image-gallery\" data-id=\"fe34fec\" data-element_type=\"widget\" data-settings=\"{&quot;_animation&quot;:&quot;fadeIn&quot;}\" data-widget_type=\"image-gallery.default\">\n\t\t\t\t<div class=\"elementor-widget-container\">\n\t\t\t\t\t<div class=\"elementor-image-gallery\">\n\t\t\t<div id='gallery-1' class='gallery galleryid-440 gallery-columns-1 gallery-size-large'><figure class='gallery-item'>\n\t\t\t<div class='gallery-icon landscape'>\n\t\t\t\t<img fetchpriority=\"high\" decoding=\"async\" width=\"640\" height=\"198\" src=\"https:\/\/ebakaimmigration.com\/wp-content\/uploads\/2021\/07\/E.Baka-Immigration-Partners-logo-1024x317.jpg\" class=\"attachment-large size-large\" alt=\"\" \/>\n\t\t\t<\/div><\/figure>\n\t\t<\/div>\n\t\t<\/div>\n\t\t\t\t<\/div>\n\t\t\t\t<\/div>\n\t\t\t\t\t<\/div>\n\t\t<\/div>\n\t\t\t\t\t<\/div>\n\t\t<\/section>\n\t\t\t\t<section class=\"elementor-section elementor-top-section elementor-element elementor-element-81a1851 elementor-section-stretched elementor-section-full_width elementor-section-height-default elementor-section-height-default\" data-id=\"81a1851\" data-element_type=\"section\" data-settings=\"{&quot;stretch_section&quot;:&quot;section-stretched&quot;}\">\n\t\t\t\t\t\t<div class=\"elementor-container elementor-column-gap-no\">\n\t\t\t\t\t<div class=\"elementor-column elementor-col-100 elementor-top-column elementor-element elementor-element-ae6163a\" data-id=\"ae6163a\" data-element_type=\"column\">\n\t\t\t<div class=\"elementor-widget-wrap elementor-element-populated\">\n\t\t\t\t\t\t<div class=\"elementor-element elementor-element-a93fad0 elementor-widget elementor-widget-visarzo_apply\" data-id=\"a93fad0\" data-element_type=\"widget\" data-widget_type=\"visarzo_apply.default\">\n\t\t\t\t<div class=\"elementor-widget-container\">\n\t\t\t\t\t<!-- apply-section -->\n\t\t\t\t\t<section class=\"apply-section\">\n\t\t\t\t<div class=\"auto-container\">\n\t\t\t\t\t<div class=\"inner-box clearfix\">\n\t\t\t\t\t\t<figure class=\"image-box\"><img decoding=\"async\" src=\"https:\/\/ebakaimmigration.com\/wp-content\/uploads\/2021\/04\/Hnet.com-image-7.jpg\" title=\"Canadian Immigration Consultants\" alt=\"Canadian Immigration Consultants\" loading=\"lazy\" \/><\/figure>\n\t\t\t\t\t\t<div class=\"content-box\">\n\t\t\t\t\t\t\t<div class=\"icon-box\">\n\t\t\t\t\t\t\t\t<div class=\"icon icon-1\"><\/div>\n\t\t\t\t\t\t\t\t<div class=\"icon icon-2\"><\/div>\n\t\t\t\t\t\t\t<\/div>\n\t\t\t\t\t\t\t<h4>Obtenez une \u00e9valuation aujourd'hui !<\/h4>\n\t\t\t\t\t\t\t<h2 class=\"apply\">Une cabinet de conseil en immigration tr\u00e8s bien r\u00e9put\u00e9, avec un taux de r\u00e9ussite \u00e9lev\u00e9.<\/h2>\n\t\t\t\t\t\t\t<a href=\"https:\/\/jhu.740.myftpupload.com\/booking\/\" rel=\"nofollow\" class=\"theme-btn-one\"><i class=\"flaticon-send\"><\/i>R\u00e9servez Une Consultation<\/a>\n\t\t\t\t\t\t<\/div>\n\t\t\t\t\t<\/div>\n\t\t\t\t<\/div>\n\t\t\t<\/section>\n\t\t\t\t\t\t\t<\/div>\n\t\t\t\t<\/div>\n\t\t\t\t\t<\/div>\n\t\t<\/div>\n\t\t\t\t\t<\/div>\n\t\t<\/section>\n\t\t\t\t<\/div>","protected":false},"excerpt":{"rendered":"<p>Canadian Immigration Consulting Firm Results ORIENTED Not Just A Traditional Immigration Firm E. Baka Immigration Inc. is a licensed immigration [&hellip;]<\/p>\n","protected":false},"author":1,"featured_media":2772,"parent":0,"menu_order":0,"comment_status":"closed","ping_status":"closed","template":"elementor_header_footer","meta":{"_coblocks_attr":"","_coblocks_dimensions":"","_coblocks_responsive_height":"","_coblocks_accordion_ie_support":"","footnotes":""},"class_list":["post-440","page","type-page","status-publish","has-post-thumbnail","hentry"],"yoast_head":"<!-- This site is optimized with the Yoast SEO plugin v27.5 - https:\/\/yoast.com\/product\/yoast-seo-wordpress\/ -->\n<title>About Us - Canadian immigration consultancy | immigration consultant in Ottawa | E.Baka Immigration<\/title>\n<meta name=\"robots\" content=\"index, follow, max-snippet:-1, max-image-preview:large, max-video-preview:-1\" \/>\n<link rel=\"canonical\" href=\"https:\/\/ebakaimmigration.com\/fr\/about-us\/\" \/>\n<meta property=\"og:locale\" content=\"fr_FR\" \/>\n<meta property=\"og:type\" content=\"article\" \/>\n<meta property=\"og:title\" content=\"About Us - Canadian immigration consultancy | immigration consultant in Ottawa | E.Baka Immigration\" \/>\n<meta property=\"og:description\" content=\"Canadian Immigration Consulting Firm Results ORIENTED Not Just A Traditional Immigration Firm E. Baka Immigration Inc. is a licensed immigration [&hellip;]\" \/>\n<meta property=\"og:url\" content=\"https:\/\/ebakaimmigration.com\/fr\/about-us\/\" \/>\n<meta property=\"og:site_name\" content=\"Canadian immigration consultancy | immigration consultant in Ottawa | E.Baka Immigration\" \/>\n<meta property=\"article:modified_time\" content=\"2025-03-26T13:12:37+00:00\" \/>\n<meta property=\"og:image\" content=\"https:\/\/ebakaimmigration.com\/wp-content\/uploads\/2021\/05\/About-Us.jpg\" \/>\n\t<meta property=\"og:image:width\" content=\"1280\" \/>\n\t<meta property=\"og:image:height\" content=\"360\" \/>\n\t<meta property=\"og:image:type\" content=\"image\/jpeg\" \/>\n<meta name=\"twitter:card\" content=\"summary_large_image\" \/>\n<meta name=\"twitter:label1\" content=\"Dur\u00e9e de lecture estim\u00e9e\" \/>\n\t<meta name=\"twitter:data1\" content=\"2 minutes\" \/>\n<script type=\"application\/ld+json\" class=\"yoast-schema-graph\">{\"@context\":\"https:\\\/\\\/schema.org\",\"@graph\":[{\"@type\":\"WebPage\",\"@id\":\"https:\\\/\\\/ebakaimmigration.com\\\/about-us\\\/\",\"url\":\"https:\\\/\\\/ebakaimmigration.com\\\/about-us\\\/\",\"name\":\"About Us - Canadian immigration consultancy | immigration consultant in Ottawa | E.Baka Immigration\",\"isPartOf\":{\"@id\":\"https:\\\/\\\/ebakaimmigration.com\\\/#website\"},\"primaryImageOfPage\":{\"@id\":\"https:\\\/\\\/ebakaimmigration.com\\\/about-us\\\/#primaryimage\"},\"image\":{\"@id\":\"https:\\\/\\\/ebakaimmigration.com\\\/about-us\\\/#primaryimage\"},\"thumbnailUrl\":\"https:\\\/\\\/ebakaimmigration.com\\\/wp-content\\\/uploads\\\/2021\\\/05\\\/About-Us.jpg\",\"datePublished\":\"2020-08-05T11:36:14+00:00\",\"dateModified\":\"2025-03-26T13:12:37+00:00\",\"breadcrumb\":{\"@id\":\"https:\\\/\\\/ebakaimmigration.com\\\/about-us\\\/#breadcrumb\"},\"inLanguage\":\"fr-FR\",\"potentialAction\":[{\"@type\":\"ReadAction\",\"target\":[\"https:\\\/\\\/ebakaimmigration.com\\\/about-us\\\/\"]}]},{\"@type\":\"ImageObject\",\"inLanguage\":\"fr-FR\",\"@id\":\"https:\\\/\\\/ebakaimmigration.com\\\/about-us\\\/#primaryimage\",\"url\":\"https:\\\/\\\/ebakaimmigration.com\\\/wp-content\\\/uploads\\\/2021\\\/05\\\/About-Us.jpg\",\"contentUrl\":\"https:\\\/\\\/ebakaimmigration.com\\\/wp-content\\\/uploads\\\/2021\\\/05\\\/About-Us.jpg\",\"width\":1280,\"height\":360},{\"@type\":\"BreadcrumbList\",\"@id\":\"https:\\\/\\\/ebakaimmigration.com\\\/about-us\\\/#breadcrumb\",\"itemListElement\":[{\"@type\":\"ListItem\",\"position\":1,\"name\":\"Home\",\"item\":\"https:\\\/\\\/ebakaimmigration.com\\\/\"},{\"@type\":\"ListItem\",\"position\":2,\"name\":\"About Us\"}]},{\"@type\":\"WebSite\",\"@id\":\"https:\\\/\\\/ebakaimmigration.com\\\/#website\",\"url\":\"https:\\\/\\\/ebakaimmigration.com\\\/\",\"name\":\"Canadian immigration consultancy | immigration consultant in Ottawa | E.Baka Immigration\",\"description\":\"\",\"publisher\":{\"@id\":\"https:\\\/\\\/ebakaimmigration.com\\\/#organization\"},\"potentialAction\":[{\"@type\":\"SearchAction\",\"target\":{\"@type\":\"EntryPoint\",\"urlTemplate\":\"https:\\\/\\\/ebakaimmigration.com\\\/?s={search_term_string}\"},\"query-input\":{\"@type\":\"PropertyValueSpecification\",\"valueRequired\":true,\"valueName\":\"search_term_string\"}}],\"inLanguage\":\"fr-FR\"},{\"@type\":\"Organization\",\"@id\":\"https:\\\/\\\/ebakaimmigration.com\\\/#organization\",\"name\":\"Canadian immigration consultancy | immigration consultant in Ottawa | E.Baka Immigration\",\"url\":\"https:\\\/\\\/ebakaimmigration.com\\\/\",\"logo\":{\"@type\":\"ImageObject\",\"inLanguage\":\"fr-FR\",\"@id\":\"https:\\\/\\\/ebakaimmigration.com\\\/#\\\/schema\\\/logo\\\/image\\\/\",\"url\":\"https:\\\/\\\/ebakaimmigration.com\\\/wp-content\\\/uploads\\\/2021\\\/04\\\/cropped-Logo-file-for-anyone-that-needs-to-print-it-e1619717318548-1.png\",\"contentUrl\":\"https:\\\/\\\/ebakaimmigration.com\\\/wp-content\\\/uploads\\\/2021\\\/04\\\/cropped-Logo-file-for-anyone-that-needs-to-print-it-e1619717318548-1.png\",\"width\":300,\"height\":98,\"caption\":\"Canadian immigration consultancy | immigration consultant in Ottawa | E.Baka Immigration\"},\"image\":{\"@id\":\"https:\\\/\\\/ebakaimmigration.com\\\/#\\\/schema\\\/logo\\\/image\\\/\"}}]}<\/script>\n<!-- \/ Yoast SEO plugin. -->","yoast_head_json":{"title":"About Us - Canadian immigration consultancy | immigration consultant in Ottawa | E.Baka Immigration","robots":{"index":"index","follow":"follow","max-snippet":"max-snippet:-1","max-image-preview":"max-image-preview:large","max-video-preview":"max-video-preview:-1"},"canonical":"https:\/\/ebakaimmigration.com\/fr\/about-us\/","og_locale":"fr_FR","og_type":"article","og_title":"About Us - Canadian immigration consultancy | immigration consultant in Ottawa | E.Baka Immigration","og_description":"Canadian Immigration Consulting Firm Results ORIENTED Not Just A Traditional Immigration Firm E. Baka Immigration Inc. is a licensed immigration [&hellip;]","og_url":"https:\/\/ebakaimmigration.com\/fr\/about-us\/","og_site_name":"Canadian immigration consultancy | immigration consultant in Ottawa | E.Baka Immigration","article_modified_time":"2025-03-26T13:12:37+00:00","og_image":[{"width":1280,"height":360,"url":"https:\/\/ebakaimmigration.com\/wp-content\/uploads\/2021\/05\/About-Us.jpg","type":"image\/jpeg"}],"twitter_card":"summary_large_image","twitter_misc":{"Dur\u00e9e de lecture estim\u00e9e":"2 minutes"},"schema":{"@context":"https:\/\/schema.org","@graph":[{"@type":"WebPage","@id":"https:\/\/ebakaimmigration.com\/about-us\/","url":"https:\/\/ebakaimmigration.com\/about-us\/","name":"About Us - Canadian immigration consultancy | immigration consultant in Ottawa | E.Baka Immigration","isPartOf":{"@id":"https:\/\/ebakaimmigration.com\/#website"},"primaryImageOfPage":{"@id":"https:\/\/ebakaimmigration.com\/about-us\/#primaryimage"},"image":{"@id":"https:\/\/ebakaimmigration.com\/about-us\/#primaryimage"},"thumbnailUrl":"https:\/\/ebakaimmigration.com\/wp-content\/uploads\/2021\/05\/About-Us.jpg","datePublished":"2020-08-05T11:36:14+00:00","dateModified":"2025-03-26T13:12:37+00:00","breadcrumb":{"@id":"https:\/\/ebakaimmigration.com\/about-us\/#breadcrumb"},"inLanguage":"fr-FR","potentialAction":[{"@type":"ReadAction","target":["https:\/\/ebakaimmigration.com\/about-us\/"]}]},{"@type":"ImageObject","inLanguage":"fr-FR","@id":"https:\/\/ebakaimmigration.com\/about-us\/#primaryimage","url":"https:\/\/ebakaimmigration.com\/wp-content\/uploads\/2021\/05\/About-Us.jpg","contentUrl":"https:\/\/ebakaimmigration.com\/wp-content\/uploads\/2021\/05\/About-Us.jpg","width":1280,"height":360},{"@type":"BreadcrumbList","@id":"https:\/\/ebakaimmigration.com\/about-us\/#breadcrumb","itemListElement":[{"@type":"ListItem","position":1,"name":"Home","item":"https:\/\/ebakaimmigration.com\/"},{"@type":"ListItem","position":2,"name":"About Us"}]},{"@type":"WebSite","@id":"https:\/\/ebakaimmigration.com\/#website","url":"https:\/\/ebakaimmigration.com\/","name":"Canadian immigration consultancy | immigration consultant in Ottawa | E.Baka Immigration","description":"","publisher":{"@id":"https:\/\/ebakaimmigration.com\/#organization"},"potentialAction":[{"@type":"SearchAction","target":{"@type":"EntryPoint","urlTemplate":"https:\/\/ebakaimmigration.com\/?s={search_term_string}"},"query-input":{"@type":"PropertyValueSpecification","valueRequired":true,"valueName":"search_term_string"}}],"inLanguage":"fr-FR"},{"@type":"Organization","@id":"https:\/\/ebakaimmigration.com\/#organization","name":"Canadian immigration consultancy | immigration consultant in Ottawa | E.Baka Immigration","url":"https:\/\/ebakaimmigration.com\/","logo":{"@type":"ImageObject","inLanguage":"fr-FR","@id":"https:\/\/ebakaimmigration.com\/#\/schema\/logo\/image\/","url":"https:\/\/ebakaimmigration.com\/wp-content\/uploads\/2021\/04\/cropped-Logo-file-for-anyone-that-needs-to-print-it-e1619717318548-1.png","contentUrl":"https:\/\/ebakaimmigration.com\/wp-content\/uploads\/2021\/04\/cropped-Logo-file-for-anyone-that-needs-to-print-it-e1619717318548-1.png","width":300,"height":98,"caption":"Canadian immigration consultancy | immigration consultant in Ottawa | E.Baka Immigration"},"image":{"@id":"https:\/\/ebakaimmigration.com\/#\/schema\/logo\/image\/"}}]}},"_links":{"self":[{"href":"https:\/\/ebakaimmigration.com\/fr\/wp-json\/wp\/v2\/pages\/440","targetHints":{"allow":["GET"]}}],"collection":[{"href":"https:\/\/ebakaimmigration.com\/fr\/wp-json\/wp\/v2\/pages"}],"about":[{"href":"https:\/\/ebakaimmigration.com\/fr\/wp-json\/wp\/v2\/types\/page"}],"author":[{"embeddable":true,"href":"https:\/\/ebakaimmigration.com\/fr\/wp-json\/wp\/v2\/users\/1"}],"replies":[{"embeddable":true,"href":"https:\/\/ebakaimmigration.com\/fr\/wp-json\/wp\/v2\/comments?post=440"}],"version-history":[{"count":153,"href":"https:\/\/ebakaimmigration.com\/fr\/wp-json\/wp\/v2\/pages\/440\/revisions"}],"predecessor-version":[{"id":4278,"href":"https:\/\/ebakaimmigration.com\/fr\/wp-json\/wp\/v2\/pages\/440\/revisions\/4278"}],"wp:featuredmedia":[{"embeddable":true,"href":"https:\/\/ebakaimmigration.com\/fr\/wp-json\/wp\/v2\/media\/2772"}],"wp:attachment":[{"href":"https:\/\/ebakaimmigration.com\/fr\/wp-json\/wp\/v2\/media?parent=440"}],"curies":[{"name":"wp","href":"https:\/\/api.w.org\/{rel}","templated":true}]}}