{"id":442,"date":"2020-08-05T11:37:08","date_gmt":"2020-08-05T11:37:08","guid":{"rendered":"http:\/\/smartdemowp.com\/visarzo\/?page_id=442"},"modified":"2021-07-09T23:05:12","modified_gmt":"2021-07-10T03:05:12","slug":"faqs","status":"publish","type":"page","link":"https:\/\/ebakaimmigration.com\/fr\/faqs\/","title":{"rendered":"Faq"},"content":{"rendered":"<div data-elementor-type=\"wp-page\" data-elementor-id=\"442\" class=\"elementor elementor-442\">\n\t\t\t\t\t\t<section class=\"elementor-section elementor-top-section elementor-element elementor-element-b0dcf39 elementor-section-stretched elementor-section-full_width elementor-section-height-default elementor-section-height-default\" data-id=\"b0dcf39\" data-element_type=\"section\" data-settings=\"{&quot;stretch_section&quot;:&quot;section-stretched&quot;}\">\n\t\t\t\t\t\t<div class=\"elementor-container elementor-column-gap-no\">\n\t\t\t\t\t<div class=\"elementor-column elementor-col-100 elementor-top-column elementor-element elementor-element-2892677\" data-id=\"2892677\" data-element_type=\"column\">\n\t\t\t<div class=\"elementor-widget-wrap elementor-element-populated\">\n\t\t\t\t\t\t<div class=\"elementor-element elementor-element-6f315be elementor-widget elementor-widget-visarzo_faq\" data-id=\"6f315be\" data-element_type=\"widget\" data-widget_type=\"visarzo_faq.default\">\n\t\t\t\t<div class=\"elementor-widget-container\">\n\t\t\t\t\t<!-- faq-section -->\n\t\t\t\t<section class=\"faq-section\">\n\t\t\t<div class=\"auto-container\">\n\t\t\t\t\t\t\t<div class=\"top-inner\">\n\t\t\t\t\t<div class=\"row clearfix\">\n\t\t\t\t\t\t<div class=\"col-lg-5 col-md-12 col-sm-12 title-column\">\n\t\t\t\t\t\t\t<div class=\"sec-title\">\n\t\t\t\t\t\t\t\t<p><\/p>\n\t\t\t\t\t\t\t\t<h2 class=\"faq\">Foire Aux Questions<\/h2>\n\t\t\t\t\t\t\t\t<div class=\"dotted-box\">\n\t\t\t\t\t\t\t\t\t<span class=\"dotted\"><\/span>\n\t\t\t\t\t\t\t\t\t<span class=\"dotted\"><\/span>\n\t\t\t\t\t\t\t\t\t<span class=\"dotted\"><\/span>\n\t\t\t\t\t\t\t\t<\/div>\n\t\t\t\t\t\t\t<\/div>\n\t\t\t\t\t\t<\/div>\n\t\t\t\t\t\t<div class=\"col-lg-7 col-md-12 col-sm-12 text-column\">\n\t\t\t\t\t\t\t<div class=\"text\">\n\t\t\t\t\t\t\t\t<p><\/p>\n\t\t\t\t\t\t\t<\/div>\n\t\t\t\t\t\t<\/div>\n\t\t\t\t\t<\/div>\n\t\t\t\t<\/div>\n\t\t\t\t\t\t\t<div class=\"row clearfix\">\n\t\t\t\t\t\t\t\t\t\t\t\t<div class=\"col-lg-6 col-md-12 col-sm-12 faq-column\">\n\t\t\t\t\t\t<ul class=\"accordion-box\">\n\t\t\t\t\n\t\t\t\t\t\t\t<li class=\"accordion block active-block\">\n\t\t\t\t\t\t\t\t<div class=\"acc-btn active\">\n\t\t\t\t\t\t\t\t\t<div class=\"icon-outer\"><i class=\"fas fa-angle-down\"><\/i><\/div>\n\t\t\t\t\t\t\t\t\t<h5>Qu&#039;est ce qu&#039;un consultant en immigration? <\/h5>\n\t\t\t\t\t\t\t\t<\/div>\n\t\t\t\t\t\t\t\t<div class=\"acc-content current\">\n\t\t\t\t\t\t\t\t\t<p>Un consultant en immigration est un professionnel qui poss\u00e8de une vaste connaissance approfondie des lois de l&#039;immigration et des processus et des actes pour le compte d&#039;un client de pr\u00e9senter une demande d&#039;Immigration, le statut de R\u00e9fugi\u00e9 et de la Citoyennet\u00e9 au Canada. <\/p>\n\t\t\t\t\t\t\t\t<\/div>\n\t\t\t\t\t\t\t<\/li>\n\t\t\t\t\t\t\t\t\n\t\t\t\t\t\t\t<li class=\"accordion block\">\n\t\t\t\t\t\t\t\t<div class=\"acc-btn\">\n\t\t\t\t\t\t\t\t\t<div class=\"icon-outer\"><i class=\"fas fa-angle-down\"><\/i><\/div>\n\t\t\t\t\t\t\t\t\t<h5>Vos professionnels de l'immigration sont-ils bien qualifi\u00e9s en mati\u00e8re d'immigration ? <\/h5>\n\t\t\t\t\t\t\t\t<\/div>\n\t\t\t\t\t\t\t\t<div class=\"acc-content\">\n\t\t\t\t\t\t\t\t\t<p>Nous avons des consultants canadiens en immigration r\u00e9glement\u00e9s (CRIC) qui sont autoris\u00e9s et ont re\u00e7u une lettre d'autorisation du Conseil de r\u00e9glementation des consultants en immigration du Canada (CRCIC). \n<br\/>\n<br\/>\nCette lettre d'autorisation nous donne la possibilit\u00e9 de conseiller nos clients sur toutes les questions d'immigration. Nos CRIC ont suivi un programme de certificat sur le droit de l'immigration et ont pass\u00e9 un examen de comp\u00e9tences pour obtenir leur licence. Comme les lois sur l'immigration changent constamment, nous sommes \u00e9valu\u00e9s chaque ann\u00e9e par le CRCIC pour nous assurer que nous restons \u00e0 jour avec le syst\u00e8me d'immigration canadien.  <\/p>\n\t\t\t\t\t\t\t\t<\/div>\n\t\t\t\t\t\t\t<\/li>\n\t\t\t\t\t\t\t\t\n\t\t\t\t\t\t\t<li class=\"accordion block\">\n\t\t\t\t\t\t\t\t<div class=\"acc-btn\">\n\t\t\t\t\t\t\t\t\t<div class=\"icon-outer\"><i class=\"fas fa-angle-down\"><\/i><\/div>\n\t\t\t\t\t\t\t\t\t<h5>Quelle est la diff\u00e9rence entre un avocat et un consultant en immigration ? <\/h5>\n\t\t\t\t\t\t\t\t<\/div>\n\t\t\t\t\t\t\t\t<div class=\"acc-content\">\n\t\t\t\t\t\t\t\t\t<p>Bien que tous les deux soient pleinement qualifi\u00e9s pour vous aider et vous fournir une repr\u00e9sentation juridique sur votre situation en mati\u00e8re d'immigration, les avocats sont sp\u00e9cialis\u00e9s dans diverses mati\u00e8res juridiques, y compris le droit de l'immigration, et sont connus pour \u00eatre plut\u00f4t chers.\n<\/br>\n<\/br>\nLes consultants en immigration poss\u00e8dent les comp\u00e9tences et les connaissances sp\u00e9cialis\u00e9es en mati\u00e8re d'immigration canadienne et offrent des solutions rentables. La seule limite des consultants en immigration est leur capacit\u00e9 \u00e0 repr\u00e9senter un client devant la Cour f\u00e9d\u00e9rale ; seuls les avocats sont en mesure de fournir une repr\u00e9sentation \u00e0 ce niveau. Dans tous les autres domaines de l'immigration, y compris les demandes et les cas d'immigration, un consultant en immigration peut agir en tant que votre repr\u00e9sentant. <\/p>\n\t\t\t\t\t\t\t\t<\/div>\n\t\t\t\t\t\t\t<\/li>\n\t\t\t\t\t\t\t\t\n\t\t\t\t\t\t\t<li class=\"accordion block\">\n\t\t\t\t\t\t\t\t<div class=\"acc-btn\">\n\t\t\t\t\t\t\t\t\t<div class=\"icon-outer\"><i class=\"fas fa-angle-down\"><\/i><\/div>\n\t\t\t\t\t\t\t\t\t<h5>quels sont les services d'immigration offerts par votre cabinet ? <\/h5>\n\t\t\t\t\t\t\t\t<\/div>\n\t\t\t\t\t\t\t\t<div class=\"acc-content\">\n\t\t\t\t\t\t\t\t\t<p>E.Baka Immigration propose des services vari\u00e9s comme la possibilit\u00e9 de surmonter l'interdiction de s\u00e9jour au Canada, le parrainage d'un conjoint ou d'un membre de la famille ou m\u00eame l'assistance en cas de mesure de renvoi. \n<br\/>\n<br\/>\nNous nous immergerons compl\u00e8tement dans votre situation et vous donnerons la repr\u00e9sentation de qualit\u00e9 que vous m\u00e9ritez pour assurer un r\u00e9sultat favorable. Veuillez visiter notre page de services pour une gamme compl\u00e8te de services pour r\u00e9pondre \u00e0 vos besoins. <\/p>\n\t\t\t\t\t\t\t\t<\/div>\n\t\t\t\t\t\t\t<\/li>\n\t\t\t\t\t\t\t\t\n\t\t\t\t\t\t\t<li class=\"accordion block\">\n\t\t\t\t\t\t\t\t<div class=\"acc-btn\">\n\t\t\t\t\t\t\t\t\t<div class=\"icon-outer\"><i class=\"fas fa-angle-down\"><\/i><\/div>\n\t\t\t\t\t\t\t\t\t<h5>Quelles sont vos heures d'ouverture ?<\/h5>\n\t\t\t\t\t\t\t\t<\/div>\n\t\t\t\t\t\t\t\t<div class=\"acc-content\">\n\t\t\t\t\t\t\t\t\t<p>Notre bureau est ouvert du lundi au samedi de 10 heures \u00e0 18 heures. En raison du COVID-19, tous les rendez-vous seront effectu\u00e9s virtuellement,  conform\u00e9ment aux r\u00e8glements de la Sant\u00e9 publique de la ville d'Ottawa. Ces mesures sont mises en place pour pr\u00e9venir la propagation du Covid-19.<\/p>\n\t\t\t\t\t\t\t\t<\/div>\n\t\t\t\t\t\t\t<\/li>\n\t\t\t\t    \n\t\t\t\t\t\t<\/ul>\n\t\t\t\t\t<\/div>\n\t\t\t\t\t\t\t\t\t\t\t\t\t\t<div class=\"col-lg-6 col-md-12 col-sm-12 faq-column\">\n\t\t\t\t\t\t<ul class=\"accordion-box\">\n\t\t\t\t\n\t\t\t\t\t\t\t<li class=\"accordion block\">\n\t\t\t\t\t\t\t\t<div class=\"acc-btn\">\n\t\t\t\t\t\t\t\t\t<div class=\"icon-outer\"><i class=\"fas fa-angle-down\"><\/i><\/div>\n\t\t\t\t\t\t\t\t\t<h5>Je n'habite pas \u00e0 Ottawa. Puis-je quand m\u00eame utiliser vos services ? <\/h5>\n\t\t\t\t\t\t\t\t<\/div>\n\t\t\t\t\t\t\t\t<div class=\"acc-content\">\n\t\t\t\t\t\t\t\t\t<p>\nE.Baka Immigration Inc. offre une politique de porte ouverte ; que vous soyez \u00e0 proximit\u00e9 ou \u00e0 l'ext\u00e9rieur du pays, la majorit\u00e9 des demandes d'immigration peuvent \u00eatre faites virtuellement. Si nous ne sommes pas en mesure de vous aider en personne, nous offrons des consultations par courriel, texte, appel, Zoom et MS Teams.<\/p>\n\t\t\t\t\t\t\t\t<\/div>\n\t\t\t\t\t\t\t<\/li>\n\t\t\t\t\t\t\t\t\n\t\t\t\t\t\t\t<li class=\"accordion block\">\n\t\t\t\t\t\t\t\t<div class=\"acc-btn\">\n\t\t\t\t\t\t\t\t\t<div class=\"icon-outer\"><i class=\"fas fa-angle-down\"><\/i><\/div>\n\t\t\t\t\t\t\t\t\t<h5>Combien co\u00fbte une s\u00e9ance de consultation ?<\/h5>\n\t\t\t\t\t\t\t\t<\/div>\n\t\t\t\t\t\t\t\t<div class=\"acc-content\">\n\t\t\t\t\t\t\t\t\t<p>E.Baka Immigration exige un taux horaire de 80 $. La consultation vous donne acc\u00e8s aux avis d'experts de l'un de nos consultants en immigration agr\u00e9\u00e9s, adapt\u00e9s \u00e0 votre situation unique. \n<br\/>\n<br\/>\nNos consultants en immigration \u00e9valueront divers facteurs relatifs \u00e0 votre situation, vous \u00e9duqueront et trouveront un programme d'immigration appropri\u00e9 qui r\u00e9pond \u00e0 vos besoins. Vous repartirez en toute clart\u00e9, sachant que votre dossier est entre des bonnes mains.<\/p>\n\t\t\t\t\t\t\t\t<\/div>\n\t\t\t\t\t\t\t<\/li>\n\t\t\t\t\t\t\t\t\n\t\t\t\t\t\t\t<li class=\"accordion block\">\n\t\t\t\t\t\t\t\t<div class=\"acc-btn\">\n\t\t\t\t\t\t\t\t\t<div class=\"icon-outer\"><i class=\"fas fa-angle-down\"><\/i><\/div>\n\t\t\t\t\t\t\t\t\t<h5>Quel est le d\u00e9lai de traitement des demandes ? <\/h5>\n\t\t\t\t\t\t\t\t<\/div>\n\t\t\t\t\t\t\t\t<div class=\"acc-content\">\n\t\t\t\t\t\t\t\t\t<p>\nLorsque nous effor\u00e7ons d'acc\u00e9l\u00e9rer le processus, chaque demande passe par plusieurs \u00e9tapes qui peuvent varier d'un demandeur \u00e0 l'autre. \n<br\/>\n<br\/>\nNos experts vous fourniront une date d'ach\u00e8vement approximative et vous suivront tout au long du processus. Contactez-nous  aujourd'hui pour r\u00e9server votre consultation. <\/p>\n\t\t\t\t\t\t\t\t<\/div>\n\t\t\t\t\t\t\t<\/li>\n\t\t\t\t\t\t\t\t\n\t\t\t\t\t\t\t<li class=\"accordion block\">\n\t\t\t\t\t\t\t\t<div class=\"acc-btn\">\n\t\t\t\t\t\t\t\t\t<div class=\"icon-outer\"><i class=\"fas fa-angle-down\"><\/i><\/div>\n\t\t\t\t\t\t\t\t\t<h5>Pourquoi me faut-il un repr\u00e9sentant en immigration ? <\/h5>\n\t\t\t\t\t\t\t\t<\/div>\n\t\t\t\t\t\t\t\t<div class=\"acc-content\">\n\t\t\t\t\t\t\t\t\t<p>Peu importe si vous avez d\u00e9cid\u00e9 d'\u00e9tudier, de visiter, d'immigrer ou de travailler au Canada, cette d\u00e9cision est prise en fonction de votre recherche d'une opportunit\u00e9 qui peut vous \u00eatre enti\u00e8rement b\u00e9n\u00e9fique et vous ouvrir les portes de l'avancement, d'une meilleure vie et d'un meilleur avenir. \n<br\/>\n<br\/>\nEn passant par ce processus rigoureux et laborieux, une simple erreur peut vous faire perdre des mois. En faisant confiance \u00e0 nos experts, nous simplifions le processus et le rendons facile \u00e0 comprendre. \n<br\/>\n<br\/>\nNous vous accompagnons jusqu'\u00e0 la fin du processus. Nous nous assurons que vous disposez de la demande la plus pr\u00e9cise et la plus exempte d'erreurs possible, ainsi que de r\u00e9ponses pratiques \u00e0 vos questions sur l'immigration. Notre expertise apporte une clart\u00e9 instructive et garantit le meilleur r\u00e9sultat. Contactez-nous aujourd'hui pour r\u00e9server votre consultation.<\/p>\n\t\t\t\t\t\t\t\t<\/div>\n\t\t\t\t\t\t\t<\/li>\n\t\t\t\t\t\t\t\t\n\t\t\t\t\t\t\t<li class=\"accordion block\">\n\t\t\t\t\t\t\t\t<div class=\"acc-btn\">\n\t\t\t\t\t\t\t\t\t<div class=\"icon-outer\"><i class=\"fas fa-angle-down\"><\/i><\/div>\n\t\t\t\t\t\t\t\t\t<h5>Quand dois-je m'attendre \u00e0 recevoir une r\u00e9ponse \u00e0 ma communication de E.Baka Immigration ? <\/h5>\n\t\t\t\t\t\t\t\t<\/div>\n\t\t\t\t\t\t\t\t<div class=\"acc-content\">\n\t\t\t\t\t\t\t\t\t<p>\nE.Baka Immigration s'efforce de r\u00e9pondre \u00e0 vos questions dans un d\u00e9lai raisonnable. Notre entreprise fonctionne du lundi au samedi de 10 heures \u00e0 18 heures. Veuillez pr\u00e9voir un d\u00e9lai de 24 \u00e0 36 heures pour une r\u00e9ponse. \n<\/p>\n\t\t\t\t\t\t\t\t<\/div>\n\t\t\t\t\t\t\t<\/li>\n\t\t\t\t    \n\t\t\t\t\t\t<\/ul>\n\t\t\t\t\t<\/div>\n\t\t\t\t\t\t\t\t\t<\/div>\n\t\t\t<\/div>\n\t\t<\/section>\n\t\t\t\t<!-- faq-style-two end -->\n\t\t\t\t<\/div>\n\t\t\t\t<\/div>\n\t\t\t\t\t<\/div>\n\t\t<\/div>\n\t\t\t\t\t<\/div>\n\t\t<\/section>\n\t\t\t\t<\/div>","protected":false},"excerpt":{"rendered":"<p>Frequently Asked Questions What is an immigration consultant? An immigration consultant is a licensed professional who has extensive in-depth knowledge [&hellip;]<\/p>\n","protected":false},"author":1,"featured_media":2770,"parent":0,"menu_order":0,"comment_status":"closed","ping_status":"closed","template":"","meta":{"_coblocks_attr":"","_coblocks_dimensions":"","_coblocks_responsive_height":"","_coblocks_accordion_ie_support":"","footnotes":""},"class_list":["post-442","page","type-page","status-publish","has-post-thumbnail","hentry"],"yoast_head":"<!-- This site is optimized with the Yoast SEO plugin v27.5 - https:\/\/yoast.com\/product\/yoast-seo-wordpress\/ -->\n<title>Faq&#039;s - Canadian immigration consultancy | immigration consultant in Ottawa | E.Baka Immigration<\/title>\n<meta name=\"robots\" content=\"index, follow, max-snippet:-1, max-image-preview:large, max-video-preview:-1\" \/>\n<link rel=\"canonical\" href=\"https:\/\/ebakaimmigration.com\/fr\/faqs\/\" \/>\n<meta property=\"og:locale\" content=\"fr_FR\" \/>\n<meta property=\"og:type\" content=\"article\" \/>\n<meta property=\"og:title\" content=\"Faq&#039;s - Canadian immigration consultancy | immigration consultant in Ottawa | E.Baka Immigration\" \/>\n<meta property=\"og:description\" content=\"Frequently Asked Questions What is an immigration consultant? An immigration consultant is a licensed professional who has extensive in-depth knowledge [&hellip;]\" \/>\n<meta property=\"og:url\" content=\"https:\/\/ebakaimmigration.com\/fr\/faqs\/\" \/>\n<meta property=\"og:site_name\" content=\"Canadian immigration consultancy | immigration consultant in Ottawa | E.Baka Immigration\" \/>\n<meta property=\"article:modified_time\" content=\"2021-07-10T03:05:12+00:00\" \/>\n<meta property=\"og:image\" content=\"https:\/\/ebakaimmigration.com\/wp-content\/uploads\/2021\/05\/Ebaka-Immigration-banner.jpg\" \/>\n\t<meta property=\"og:image:width\" content=\"1280\" \/>\n\t<meta property=\"og:image:height\" content=\"360\" \/>\n\t<meta property=\"og:image:type\" content=\"image\/jpeg\" \/>\n<meta name=\"twitter:card\" content=\"summary_large_image\" \/>\n<meta name=\"twitter:label1\" content=\"Dur\u00e9e de lecture estim\u00e9e\" \/>\n\t<meta name=\"twitter:data1\" content=\"4 minutes\" \/>\n<script type=\"application\/ld+json\" class=\"yoast-schema-graph\">{\"@context\":\"https:\\\/\\\/schema.org\",\"@graph\":[{\"@type\":\"WebPage\",\"@id\":\"https:\\\/\\\/ebakaimmigration.com\\\/faqs\\\/\",\"url\":\"https:\\\/\\\/ebakaimmigration.com\\\/faqs\\\/\",\"name\":\"Faq's - Canadian immigration consultancy | immigration consultant in Ottawa | E.Baka Immigration\",\"isPartOf\":{\"@id\":\"https:\\\/\\\/ebakaimmigration.com\\\/#website\"},\"primaryImageOfPage\":{\"@id\":\"https:\\\/\\\/ebakaimmigration.com\\\/faqs\\\/#primaryimage\"},\"image\":{\"@id\":\"https:\\\/\\\/ebakaimmigration.com\\\/faqs\\\/#primaryimage\"},\"thumbnailUrl\":\"https:\\\/\\\/ebakaimmigration.com\\\/wp-content\\\/uploads\\\/2021\\\/05\\\/Ebaka-Immigration-banner.jpg\",\"datePublished\":\"2020-08-05T11:37:08+00:00\",\"dateModified\":\"2021-07-10T03:05:12+00:00\",\"breadcrumb\":{\"@id\":\"https:\\\/\\\/ebakaimmigration.com\\\/faqs\\\/#breadcrumb\"},\"inLanguage\":\"fr-FR\",\"potentialAction\":[{\"@type\":\"ReadAction\",\"target\":[\"https:\\\/\\\/ebakaimmigration.com\\\/faqs\\\/\"]}]},{\"@type\":\"ImageObject\",\"inLanguage\":\"fr-FR\",\"@id\":\"https:\\\/\\\/ebakaimmigration.com\\\/faqs\\\/#primaryimage\",\"url\":\"https:\\\/\\\/ebakaimmigration.com\\\/wp-content\\\/uploads\\\/2021\\\/05\\\/Ebaka-Immigration-banner.jpg\",\"contentUrl\":\"https:\\\/\\\/ebakaimmigration.com\\\/wp-content\\\/uploads\\\/2021\\\/05\\\/Ebaka-Immigration-banner.jpg\",\"width\":1280,\"height\":360},{\"@type\":\"BreadcrumbList\",\"@id\":\"https:\\\/\\\/ebakaimmigration.com\\\/faqs\\\/#breadcrumb\",\"itemListElement\":[{\"@type\":\"ListItem\",\"position\":1,\"name\":\"Home\",\"item\":\"https:\\\/\\\/ebakaimmigration.com\\\/\"},{\"@type\":\"ListItem\",\"position\":2,\"name\":\"Faq&#8217;s\"}]},{\"@type\":\"WebSite\",\"@id\":\"https:\\\/\\\/ebakaimmigration.com\\\/#website\",\"url\":\"https:\\\/\\\/ebakaimmigration.com\\\/\",\"name\":\"Canadian immigration consultancy | immigration consultant in Ottawa | E.Baka Immigration\",\"description\":\"\",\"publisher\":{\"@id\":\"https:\\\/\\\/ebakaimmigration.com\\\/#organization\"},\"potentialAction\":[{\"@type\":\"SearchAction\",\"target\":{\"@type\":\"EntryPoint\",\"urlTemplate\":\"https:\\\/\\\/ebakaimmigration.com\\\/?s={search_term_string}\"},\"query-input\":{\"@type\":\"PropertyValueSpecification\",\"valueRequired\":true,\"valueName\":\"search_term_string\"}}],\"inLanguage\":\"fr-FR\"},{\"@type\":\"Organization\",\"@id\":\"https:\\\/\\\/ebakaimmigration.com\\\/#organization\",\"name\":\"Canadian immigration consultancy | immigration consultant in Ottawa | E.Baka Immigration\",\"url\":\"https:\\\/\\\/ebakaimmigration.com\\\/\",\"logo\":{\"@type\":\"ImageObject\",\"inLanguage\":\"fr-FR\",\"@id\":\"https:\\\/\\\/ebakaimmigration.com\\\/#\\\/schema\\\/logo\\\/image\\\/\",\"url\":\"https:\\\/\\\/ebakaimmigration.com\\\/wp-content\\\/uploads\\\/2021\\\/04\\\/cropped-Logo-file-for-anyone-that-needs-to-print-it-e1619717318548-1.png\",\"contentUrl\":\"https:\\\/\\\/ebakaimmigration.com\\\/wp-content\\\/uploads\\\/2021\\\/04\\\/cropped-Logo-file-for-anyone-that-needs-to-print-it-e1619717318548-1.png\",\"width\":300,\"height\":98,\"caption\":\"Canadian immigration consultancy | immigration consultant in Ottawa | E.Baka Immigration\"},\"image\":{\"@id\":\"https:\\\/\\\/ebakaimmigration.com\\\/#\\\/schema\\\/logo\\\/image\\\/\"}}]}<\/script>\n<!-- \/ Yoast SEO plugin. -->","yoast_head_json":{"title":"Faq's - Canadian immigration consultancy | immigration consultant in Ottawa | E.Baka Immigration","robots":{"index":"index","follow":"follow","max-snippet":"max-snippet:-1","max-image-preview":"max-image-preview:large","max-video-preview":"max-video-preview:-1"},"canonical":"https:\/\/ebakaimmigration.com\/fr\/faqs\/","og_locale":"fr_FR","og_type":"article","og_title":"Faq's - Canadian immigration consultancy | immigration consultant in Ottawa | E.Baka Immigration","og_description":"Frequently Asked Questions What is an immigration consultant? An immigration consultant is a licensed professional who has extensive in-depth knowledge [&hellip;]","og_url":"https:\/\/ebakaimmigration.com\/fr\/faqs\/","og_site_name":"Canadian immigration consultancy | immigration consultant in Ottawa | E.Baka Immigration","article_modified_time":"2021-07-10T03:05:12+00:00","og_image":[{"width":1280,"height":360,"url":"https:\/\/ebakaimmigration.com\/wp-content\/uploads\/2021\/05\/Ebaka-Immigration-banner.jpg","type":"image\/jpeg"}],"twitter_card":"summary_large_image","twitter_misc":{"Dur\u00e9e de lecture estim\u00e9e":"4 minutes"},"schema":{"@context":"https:\/\/schema.org","@graph":[{"@type":"WebPage","@id":"https:\/\/ebakaimmigration.com\/faqs\/","url":"https:\/\/ebakaimmigration.com\/faqs\/","name":"Faq's - Canadian immigration consultancy | immigration consultant in Ottawa | E.Baka Immigration","isPartOf":{"@id":"https:\/\/ebakaimmigration.com\/#website"},"primaryImageOfPage":{"@id":"https:\/\/ebakaimmigration.com\/faqs\/#primaryimage"},"image":{"@id":"https:\/\/ebakaimmigration.com\/faqs\/#primaryimage"},"thumbnailUrl":"https:\/\/ebakaimmigration.com\/wp-content\/uploads\/2021\/05\/Ebaka-Immigration-banner.jpg","datePublished":"2020-08-05T11:37:08+00:00","dateModified":"2021-07-10T03:05:12+00:00","breadcrumb":{"@id":"https:\/\/ebakaimmigration.com\/faqs\/#breadcrumb"},"inLanguage":"fr-FR","potentialAction":[{"@type":"ReadAction","target":["https:\/\/ebakaimmigration.com\/faqs\/"]}]},{"@type":"ImageObject","inLanguage":"fr-FR","@id":"https:\/\/ebakaimmigration.com\/faqs\/#primaryimage","url":"https:\/\/ebakaimmigration.com\/wp-content\/uploads\/2021\/05\/Ebaka-Immigration-banner.jpg","contentUrl":"https:\/\/ebakaimmigration.com\/wp-content\/uploads\/2021\/05\/Ebaka-Immigration-banner.jpg","width":1280,"height":360},{"@type":"BreadcrumbList","@id":"https:\/\/ebakaimmigration.com\/faqs\/#breadcrumb","itemListElement":[{"@type":"ListItem","position":1,"name":"Home","item":"https:\/\/ebakaimmigration.com\/"},{"@type":"ListItem","position":2,"name":"Faq&#8217;s"}]},{"@type":"WebSite","@id":"https:\/\/ebakaimmigration.com\/#website","url":"https:\/\/ebakaimmigration.com\/","name":"Canadian immigration consultancy | immigration consultant in Ottawa | E.Baka Immigration","description":"","publisher":{"@id":"https:\/\/ebakaimmigration.com\/#organization"},"potentialAction":[{"@type":"SearchAction","target":{"@type":"EntryPoint","urlTemplate":"https:\/\/ebakaimmigration.com\/?s={search_term_string}"},"query-input":{"@type":"PropertyValueSpecification","valueRequired":true,"valueName":"search_term_string"}}],"inLanguage":"fr-FR"},{"@type":"Organization","@id":"https:\/\/ebakaimmigration.com\/#organization","name":"Canadian immigration consultancy | immigration consultant in Ottawa | E.Baka Immigration","url":"https:\/\/ebakaimmigration.com\/","logo":{"@type":"ImageObject","inLanguage":"fr-FR","@id":"https:\/\/ebakaimmigration.com\/#\/schema\/logo\/image\/","url":"https:\/\/ebakaimmigration.com\/wp-content\/uploads\/2021\/04\/cropped-Logo-file-for-anyone-that-needs-to-print-it-e1619717318548-1.png","contentUrl":"https:\/\/ebakaimmigration.com\/wp-content\/uploads\/2021\/04\/cropped-Logo-file-for-anyone-that-needs-to-print-it-e1619717318548-1.png","width":300,"height":98,"caption":"Canadian immigration consultancy | immigration consultant in Ottawa | E.Baka Immigration"},"image":{"@id":"https:\/\/ebakaimmigration.com\/#\/schema\/logo\/image\/"}}]}},"_links":{"self":[{"href":"https:\/\/ebakaimmigration.com\/fr\/wp-json\/wp\/v2\/pages\/442","targetHints":{"allow":["GET"]}}],"collection":[{"href":"https:\/\/ebakaimmigration.com\/fr\/wp-json\/wp\/v2\/pages"}],"about":[{"href":"https:\/\/ebakaimmigration.com\/fr\/wp-json\/wp\/v2\/types\/page"}],"author":[{"embeddable":true,"href":"https:\/\/ebakaimmigration.com\/fr\/wp-json\/wp\/v2\/users\/1"}],"replies":[{"embeddable":true,"href":"https:\/\/ebakaimmigration.com\/fr\/wp-json\/wp\/v2\/comments?post=442"}],"version-history":[{"count":64,"href":"https:\/\/ebakaimmigration.com\/fr\/wp-json\/wp\/v2\/pages\/442\/revisions"}],"predecessor-version":[{"id":3865,"href":"https:\/\/ebakaimmigration.com\/fr\/wp-json\/wp\/v2\/pages\/442\/revisions\/3865"}],"wp:featuredmedia":[{"embeddable":true,"href":"https:\/\/ebakaimmigration.com\/fr\/wp-json\/wp\/v2\/media\/2770"}],"wp:attachment":[{"href":"https:\/\/ebakaimmigration.com\/fr\/wp-json\/wp\/v2\/media?parent=442"}],"curies":[{"name":"wp","href":"https:\/\/api.w.org\/{rel}","templated":true}]}}