{"id":741,"date":"2020-08-08T07:59:30","date_gmt":"2020-08-08T07:59:30","guid":{"rendered":"http:\/\/smartdemowp.com\/visarzo\/?page_id=741"},"modified":"2020-08-08T07:59:30","modified_gmt":"2020-08-08T07:59:30","slug":"faq-block","status":"publish","type":"page","link":"https:\/\/ebakaimmigration.com\/fr\/faq-block\/","title":{"rendered":"Faq Bloc"},"content":{"rendered":"<div data-elementor-type=\"wp-page\" data-elementor-id=\"741\" class=\"elementor elementor-741\">\n\t\t\t\t\t\t<section class=\"elementor-section elementor-top-section elementor-element elementor-element-6588123 elementor-section-stretched elementor-section-full_width elementor-section-height-default elementor-section-height-default\" data-id=\"6588123\" data-element_type=\"section\" data-settings=\"{&quot;stretch_section&quot;:&quot;section-stretched&quot;}\">\n\t\t\t\t\t\t<div class=\"elementor-container elementor-column-gap-no\">\n\t\t\t\t\t<div class=\"elementor-column elementor-col-100 elementor-top-column elementor-element elementor-element-cfcabaf\" data-id=\"cfcabaf\" data-element_type=\"column\">\n\t\t\t<div class=\"elementor-widget-wrap elementor-element-populated\">\n\t\t\t\t\t\t<div class=\"elementor-element elementor-element-07b67b5 elementor-widget elementor-widget-visarzo_faq\" data-id=\"07b67b5\" data-element_type=\"widget\" data-widget_type=\"visarzo_faq.default\">\n\t\t\t\t<div class=\"elementor-widget-container\">\n\t\t\t\t\t<!-- faq-section -->\n\t\t\t\t<section class=\"faq-section\">\n\t\t\t<div class=\"auto-container\">\n\t\t\t\t\t\t\t<div class=\"row clearfix\">\n\t\t\t\t\t\t\t\t\t\t\t\t<div class=\"col-lg-6 col-md-12 col-sm-12 faq-column\">\n\t\t\t\t\t\t<ul class=\"accordion-box\">\n\t\t\t\t\n\t\t\t\t\t\t\t<li class=\"accordion block active-block\">\n\t\t\t\t\t\t\t\t<div class=\"acc-btn active\">\n\t\t\t\t\t\t\t\t\t<div class=\"icon-outer\"><i class=\"fas fa-angle-down\"><\/i><\/div>\n\t\t\t\t\t\t\t\t\t<h5>Ce qui est plus rapide \u00e0 traiter, un immigrant ou d&#039;un visa?<\/h5>\n\t\t\t\t\t\t\t\t<\/div>\n\t\t\t\t\t\t\t\t<div class=\"acc-content current\">\n\t\t\t\t\t\t\t\t\t<p>Quam Nunc arc pretium quis lobortis sem consequat donc de tetur diam nunc bibend lorem ipsum dolor sit amet consectetur adipisicing elit sed do eiusmod tempor incididunt ut labore et dolore.<\/p>\n\t\t\t\t\t\t\t\t<\/div>\n\t\t\t\t\t\t\t<\/li>\n\t\t\t\t\t\t\t\t\n\t\t\t\t\t\t\t<li class=\"accordion block\">\n\t\t\t\t\t\t\t\t<div class=\"acc-btn\">\n\t\t\t\t\t\t\t\t\t<div class=\"icon-outer\"><i class=\"fas fa-angle-down\"><\/i><\/div>\n\t\t\t\t\t\t\t\t\t<h5>Comment puis-je postuler pour le visa touristique?<\/h5>\n\t\t\t\t\t\t\t\t<\/div>\n\t\t\t\t\t\t\t\t<div class=\"acc-content\">\n\t\t\t\t\t\t\t\t\t<p>Quam Nunc arc pretium quis lobortis sem consequat donc de tetur diam nunc bibend lorem ipsum dolor sit amet consectetur adipisicing elit sed do eiusmod tempor incididunt ut labore et dolore.<\/p>\n\t\t\t\t\t\t\t\t<\/div>\n\t\t\t\t\t\t\t<\/li>\n\t\t\t\t\t\t\t\t\n\t\t\t\t\t\t\t<li class=\"accordion block\">\n\t\t\t\t\t\t\t\t<div class=\"acc-btn\">\n\t\t\t\t\t\t\t\t\t<div class=\"icon-outer\"><i class=\"fas fa-angle-down\"><\/i><\/div>\n\t\t\t\t\t\t\t\t\t<h5>O\u00f9 puis-je obtenir de l&#039;assistance en remplissant le visa formes?<\/h5>\n\t\t\t\t\t\t\t\t<\/div>\n\t\t\t\t\t\t\t\t<div class=\"acc-content\">\n\t\t\t\t\t\t\t\t\t<p>Quam Nunc arc pretium quis lobortis sem consequat donc de tetur diam nunc bibend lorem ipsum dolor sit amet consectetur adipisicing elit sed do eiusmod tempor incididunt ut labore et dolore.<\/p>\n\t\t\t\t\t\t\t\t<\/div>\n\t\t\t\t\t\t\t<\/li>\n\t\t\t\t\t\t\t\t\n\t\t\t\t\t\t\t<li class=\"accordion block\">\n\t\t\t\t\t\t\t\t<div class=\"acc-btn\">\n\t\t\t\t\t\t\t\t\t<div class=\"icon-outer\"><i class=\"fas fa-angle-down\"><\/i><\/div>\n\t\t\t\t\t\t\t\t\t<h5>Que faire si je ne peux pas voyager pendant la p\u00e9riode de validit\u00e9 du visa?<\/h5>\n\t\t\t\t\t\t\t\t<\/div>\n\t\t\t\t\t\t\t\t<div class=\"acc-content\">\n\t\t\t\t\t\t\t\t\t<p>Quam Nunc arc pretium quis lobortis sem consequat donc de tetur diam nunc bibend lorem ipsum dolor sit amet consectetur adipisicing elit sed do eiusmod tempor incididunt ut labore et dolore.<\/p>\n\t\t\t\t\t\t\t\t<\/div>\n\t\t\t\t\t\t\t<\/li>\n\t\t\t\t\t\t\t\t\n\t\t\t\t\t\t\t<li class=\"accordion block\">\n\t\t\t\t\t\t\t\t<div class=\"acc-btn\">\n\t\t\t\t\t\t\t\t\t<div class=\"icon-outer\"><i class=\"fas fa-angle-down\"><\/i><\/div>\n\t\t\t\t\t\t\t\t\t<h5>Qui a besoin d&#039;un Visa d&#039;Immigrant?<\/h5>\n\t\t\t\t\t\t\t\t<\/div>\n\t\t\t\t\t\t\t\t<div class=\"acc-content\">\n\t\t\t\t\t\t\t\t\t<p>Quam Nunc arc pretium quis lobortis sem consequat donc de tetur diam nunc bibend lorem ipsum dolor sit amet consectetur adipisicing elit sed do eiusmod tempor incididunt ut labore et dolore.<\/p>\n\t\t\t\t\t\t\t\t<\/div>\n\t\t\t\t\t\t\t<\/li>\n\t\t\t\t    \n\t\t\t\t\t\t<\/ul>\n\t\t\t\t\t<\/div>\n\t\t\t\t\t\t\t\t\t\t\t\t\t\t<div class=\"col-lg-6 col-md-12 col-sm-12 faq-column\">\n\t\t\t\t\t\t<ul class=\"accordion-box\">\n\t\t\t\t\n\t\t\t\t\t\t\t<li class=\"accordion block\">\n\t\t\t\t\t\t\t\t<div class=\"acc-btn\">\n\t\t\t\t\t\t\t\t\t<div class=\"icon-outer\"><i class=\"fas fa-angle-down\"><\/i><\/div>\n\t\t\t\t\t\t\t\t\t<h5>Ce qui est un r\u00e9sident permanent l\u00e9gal?<\/h5>\n\t\t\t\t\t\t\t\t<\/div>\n\t\t\t\t\t\t\t\t<div class=\"acc-content\">\n\t\t\t\t\t\t\t\t\t<p>Quam Nunc arc pretium quis lobortis sem consequat donc de tetur diam nunc bibend lorem ipsum dolor sit amet consectetur adipisicing elit sed do eiusmod tempor incididunt ut labore et dolore.<\/p>\n\t\t\t\t\t\t\t\t<\/div>\n\t\t\t\t\t\t\t<\/li>\n\t\t\t\t\t\t\t\t\n\t\t\t\t\t\t\t<li class=\"accordion block\">\n\t\t\t\t\t\t\t\t<div class=\"acc-btn\">\n\t\t\t\t\t\t\t\t\t<div class=\"icon-outer\"><i class=\"fas fa-angle-down\"><\/i><\/div>\n\t\t\t\t\t\t\t\t\t<h5>Vais-je \u00eatre admissible \u00e0 travailler sur la fa\u00e7on d&#039;entrer aux \u00c9tats-unis?<\/h5>\n\t\t\t\t\t\t\t\t<\/div>\n\t\t\t\t\t\t\t\t<div class=\"acc-content\">\n\t\t\t\t\t\t\t\t\t<p>Quam Nunc arc pretium quis lobortis sem consequat donc de tetur diam nunc bibend lorem ipsum dolor sit amet consectetur adipisicing elit sed do eiusmod tempor incididunt ut labore et dolore.<\/p>\n\t\t\t\t\t\t\t\t<\/div>\n\t\t\t\t\t\t\t<\/li>\n\t\t\t\t\t\t\t\t\n\t\t\t\t\t\t\t<li class=\"accordion block\">\n\t\t\t\t\t\t\t\t<div class=\"acc-btn\">\n\t\t\t\t\t\t\t\t\t<div class=\"icon-outer\"><i class=\"fas fa-angle-down\"><\/i><\/div>\n\t\t\t\t\t\t\t\t\t<h5>Est-ce que votre immigration offre la garantie de remboursement?<\/h5>\n\t\t\t\t\t\t\t\t<\/div>\n\t\t\t\t\t\t\t\t<div class=\"acc-content\">\n\t\t\t\t\t\t\t\t\t<p>Quam Nunc arc pretium quis lobortis sem consequat donc de tetur diam nunc bibend lorem ipsum dolor sit amet consectetur adipisicing elit sed do eiusmod tempor incididunt ut labore et dolore.<\/p>\n\t\t\t\t\t\t\t\t<\/div>\n\t\t\t\t\t\t\t<\/li>\n\t\t\t\t\t\t\t\t\n\t\t\t\t\t\t\t<li class=\"accordion block\">\n\t\t\t\t\t\t\t\t<div class=\"acc-btn\">\n\t\t\t\t\t\t\t\t\t<div class=\"icon-outer\"><i class=\"fas fa-angle-down\"><\/i><\/div>\n\t\t\t\t\t\t\t\t\t<h5>Puis-je transmettre la citoyennet\u00e9 \u00e0 mon conjoint?<\/h5>\n\t\t\t\t\t\t\t\t<\/div>\n\t\t\t\t\t\t\t\t<div class=\"acc-content\">\n\t\t\t\t\t\t\t\t\t<p>Quam Nunc arc pretium quis lobortis sem consequat donc de tetur diam nunc bibend lorem ipsum dolor sit amet consectetur adipisicing elit sed do eiusmod tempor incididunt ut labore et dolore.<\/p>\n\t\t\t\t\t\t\t\t<\/div>\n\t\t\t\t\t\t\t<\/li>\n\t\t\t\t\t\t\t\t\n\t\t\t\t\t\t\t<li class=\"accordion block\">\n\t\t\t\t\t\t\t\t<div class=\"acc-btn\">\n\t\t\t\t\t\t\t\t\t<div class=\"icon-outer\"><i class=\"fas fa-angle-down\"><\/i><\/div>\n\t\t\t\t\t\t\t\t\t<h5>Pourquoi une demande de carte verte \u00eatre refus\u00e9?<\/h5>\n\t\t\t\t\t\t\t\t<\/div>\n\t\t\t\t\t\t\t\t<div class=\"acc-content\">\n\t\t\t\t\t\t\t\t\t<p>Quam Nunc arc pretium quis lobortis sem consequat donc de tetur diam nunc bibend lorem ipsum dolor sit amet consectetur adipisicing elit sed do eiusmod tempor incididunt ut labore et dolore.<\/p>\n\t\t\t\t\t\t\t\t<\/div>\n\t\t\t\t\t\t\t<\/li>\n\t\t\t\t    \n\t\t\t\t\t\t<\/ul>\n\t\t\t\t\t<\/div>\n\t\t\t\t\t\t\t\t\t<\/div>\n\t\t\t<\/div>\n\t\t<\/section>\n\t\t\t\t<!-- faq-style-two end -->\n\t\t\t\t<\/div>\n\t\t\t\t<\/div>\n\t\t\t\t\t<\/div>\n\t\t<\/div>\n\t\t\t\t\t<\/div>\n\t\t<\/section>\n\t\t\t\t<\/div>","protected":false},"excerpt":{"rendered":"<p>Which is quicker to process, an immigrant or a visa? Nunc quam arc pretium quis lobortis sem consequat conse tetur [&hellip;]<\/p>\n","protected":false},"author":1,"featured_media":0,"parent":0,"menu_order":0,"comment_status":"closed","ping_status":"closed","template":"elementor_header_footer","meta":{"_coblocks_attr":"","_coblocks_dimensions":"","_coblocks_responsive_height":"","_coblocks_accordion_ie_support":"","footnotes":""},"class_list":["post-741","page","type-page","status-publish","hentry"],"yoast_head":"<!-- This site is optimized with the Yoast SEO plugin v27.4 - https:\/\/yoast.com\/product\/yoast-seo-wordpress\/ -->\n<title>Faq Block - Canadian immigration consultancy | immigration consultant in Ottawa | E.Baka Immigration<\/title>\n<meta name=\"robots\" content=\"index, follow, max-snippet:-1, max-image-preview:large, max-video-preview:-1\" \/>\n<link rel=\"canonical\" href=\"https:\/\/ebakaimmigration.com\/fr\/faq-block\/\" \/>\n<meta property=\"og:locale\" content=\"fr_FR\" \/>\n<meta property=\"og:type\" content=\"article\" \/>\n<meta property=\"og:title\" content=\"Faq Block - Canadian immigration consultancy | immigration consultant in Ottawa | E.Baka Immigration\" \/>\n<meta property=\"og:description\" content=\"Which is quicker to process, an immigrant or a visa? Nunc quam arc pretium quis lobortis sem consequat conse tetur [&hellip;]\" \/>\n<meta property=\"og:url\" content=\"https:\/\/ebakaimmigration.com\/fr\/faq-block\/\" \/>\n<meta property=\"og:site_name\" content=\"Canadian immigration consultancy | immigration consultant in Ottawa | E.Baka Immigration\" \/>\n<meta name=\"twitter:card\" content=\"summary_large_image\" \/>\n<meta name=\"twitter:label1\" content=\"Dur\u00e9e de lecture estim\u00e9e\" \/>\n\t<meta name=\"twitter:data1\" content=\"2 minutes\" \/>\n<script type=\"application\/ld+json\" class=\"yoast-schema-graph\">{\"@context\":\"https:\\\/\\\/schema.org\",\"@graph\":[{\"@type\":\"WebPage\",\"@id\":\"https:\\\/\\\/ebakaimmigration.com\\\/faq-block\\\/\",\"url\":\"https:\\\/\\\/ebakaimmigration.com\\\/faq-block\\\/\",\"name\":\"Faq Block - Canadian immigration consultancy | immigration consultant in Ottawa | E.Baka Immigration\",\"isPartOf\":{\"@id\":\"https:\\\/\\\/ebakaimmigration.com\\\/#website\"},\"datePublished\":\"2020-08-08T07:59:30+00:00\",\"breadcrumb\":{\"@id\":\"https:\\\/\\\/ebakaimmigration.com\\\/faq-block\\\/#breadcrumb\"},\"inLanguage\":\"fr-FR\",\"potentialAction\":[{\"@type\":\"ReadAction\",\"target\":[\"https:\\\/\\\/ebakaimmigration.com\\\/faq-block\\\/\"]}]},{\"@type\":\"BreadcrumbList\",\"@id\":\"https:\\\/\\\/ebakaimmigration.com\\\/faq-block\\\/#breadcrumb\",\"itemListElement\":[{\"@type\":\"ListItem\",\"position\":1,\"name\":\"Home\",\"item\":\"https:\\\/\\\/ebakaimmigration.com\\\/\"},{\"@type\":\"ListItem\",\"position\":2,\"name\":\"Faq Block\"}]},{\"@type\":\"WebSite\",\"@id\":\"https:\\\/\\\/ebakaimmigration.com\\\/#website\",\"url\":\"https:\\\/\\\/ebakaimmigration.com\\\/\",\"name\":\"Canadian immigration consultancy | immigration consultant in Ottawa | E.Baka Immigration\",\"description\":\"\",\"publisher\":{\"@id\":\"https:\\\/\\\/ebakaimmigration.com\\\/#organization\"},\"potentialAction\":[{\"@type\":\"SearchAction\",\"target\":{\"@type\":\"EntryPoint\",\"urlTemplate\":\"https:\\\/\\\/ebakaimmigration.com\\\/?s={search_term_string}\"},\"query-input\":{\"@type\":\"PropertyValueSpecification\",\"valueRequired\":true,\"valueName\":\"search_term_string\"}}],\"inLanguage\":\"fr-FR\"},{\"@type\":\"Organization\",\"@id\":\"https:\\\/\\\/ebakaimmigration.com\\\/#organization\",\"name\":\"Canadian immigration consultancy | immigration consultant in Ottawa | E.Baka Immigration\",\"url\":\"https:\\\/\\\/ebakaimmigration.com\\\/\",\"logo\":{\"@type\":\"ImageObject\",\"inLanguage\":\"fr-FR\",\"@id\":\"https:\\\/\\\/ebakaimmigration.com\\\/#\\\/schema\\\/logo\\\/image\\\/\",\"url\":\"https:\\\/\\\/ebakaimmigration.com\\\/wp-content\\\/uploads\\\/2021\\\/04\\\/cropped-Logo-file-for-anyone-that-needs-to-print-it-e1619717318548-1.png\",\"contentUrl\":\"https:\\\/\\\/ebakaimmigration.com\\\/wp-content\\\/uploads\\\/2021\\\/04\\\/cropped-Logo-file-for-anyone-that-needs-to-print-it-e1619717318548-1.png\",\"width\":300,\"height\":98,\"caption\":\"Canadian immigration consultancy | immigration consultant in Ottawa | E.Baka Immigration\"},\"image\":{\"@id\":\"https:\\\/\\\/ebakaimmigration.com\\\/#\\\/schema\\\/logo\\\/image\\\/\"}}]}<\/script>\n<!-- \/ Yoast SEO plugin. -->","yoast_head_json":{"title":"Faq Block - Canadian immigration consultancy | immigration consultant in Ottawa | E.Baka Immigration","robots":{"index":"index","follow":"follow","max-snippet":"max-snippet:-1","max-image-preview":"max-image-preview:large","max-video-preview":"max-video-preview:-1"},"canonical":"https:\/\/ebakaimmigration.com\/fr\/faq-block\/","og_locale":"fr_FR","og_type":"article","og_title":"Faq Block - Canadian immigration consultancy | immigration consultant in Ottawa | E.Baka Immigration","og_description":"Which is quicker to process, an immigrant or a visa? Nunc quam arc pretium quis lobortis sem consequat conse tetur [&hellip;]","og_url":"https:\/\/ebakaimmigration.com\/fr\/faq-block\/","og_site_name":"Canadian immigration consultancy | immigration consultant in Ottawa | E.Baka Immigration","twitter_card":"summary_large_image","twitter_misc":{"Dur\u00e9e de lecture estim\u00e9e":"2 minutes"},"schema":{"@context":"https:\/\/schema.org","@graph":[{"@type":"WebPage","@id":"https:\/\/ebakaimmigration.com\/faq-block\/","url":"https:\/\/ebakaimmigration.com\/faq-block\/","name":"Faq Block - Canadian immigration consultancy | immigration consultant in Ottawa | E.Baka Immigration","isPartOf":{"@id":"https:\/\/ebakaimmigration.com\/#website"},"datePublished":"2020-08-08T07:59:30+00:00","breadcrumb":{"@id":"https:\/\/ebakaimmigration.com\/faq-block\/#breadcrumb"},"inLanguage":"fr-FR","potentialAction":[{"@type":"ReadAction","target":["https:\/\/ebakaimmigration.com\/faq-block\/"]}]},{"@type":"BreadcrumbList","@id":"https:\/\/ebakaimmigration.com\/faq-block\/#breadcrumb","itemListElement":[{"@type":"ListItem","position":1,"name":"Home","item":"https:\/\/ebakaimmigration.com\/"},{"@type":"ListItem","position":2,"name":"Faq Block"}]},{"@type":"WebSite","@id":"https:\/\/ebakaimmigration.com\/#website","url":"https:\/\/ebakaimmigration.com\/","name":"Canadian immigration consultancy | immigration consultant in Ottawa | E.Baka Immigration","description":"","publisher":{"@id":"https:\/\/ebakaimmigration.com\/#organization"},"potentialAction":[{"@type":"SearchAction","target":{"@type":"EntryPoint","urlTemplate":"https:\/\/ebakaimmigration.com\/?s={search_term_string}"},"query-input":{"@type":"PropertyValueSpecification","valueRequired":true,"valueName":"search_term_string"}}],"inLanguage":"fr-FR"},{"@type":"Organization","@id":"https:\/\/ebakaimmigration.com\/#organization","name":"Canadian immigration consultancy | immigration consultant in Ottawa | E.Baka Immigration","url":"https:\/\/ebakaimmigration.com\/","logo":{"@type":"ImageObject","inLanguage":"fr-FR","@id":"https:\/\/ebakaimmigration.com\/#\/schema\/logo\/image\/","url":"https:\/\/ebakaimmigration.com\/wp-content\/uploads\/2021\/04\/cropped-Logo-file-for-anyone-that-needs-to-print-it-e1619717318548-1.png","contentUrl":"https:\/\/ebakaimmigration.com\/wp-content\/uploads\/2021\/04\/cropped-Logo-file-for-anyone-that-needs-to-print-it-e1619717318548-1.png","width":300,"height":98,"caption":"Canadian immigration consultancy | immigration consultant in Ottawa | E.Baka Immigration"},"image":{"@id":"https:\/\/ebakaimmigration.com\/#\/schema\/logo\/image\/"}}]}},"_links":{"self":[{"href":"https:\/\/ebakaimmigration.com\/fr\/wp-json\/wp\/v2\/pages\/741","targetHints":{"allow":["GET"]}}],"collection":[{"href":"https:\/\/ebakaimmigration.com\/fr\/wp-json\/wp\/v2\/pages"}],"about":[{"href":"https:\/\/ebakaimmigration.com\/fr\/wp-json\/wp\/v2\/types\/page"}],"author":[{"embeddable":true,"href":"https:\/\/ebakaimmigration.com\/fr\/wp-json\/wp\/v2\/users\/1"}],"replies":[{"embeddable":true,"href":"https:\/\/ebakaimmigration.com\/fr\/wp-json\/wp\/v2\/comments?post=741"}],"version-history":[{"count":0,"href":"https:\/\/ebakaimmigration.com\/fr\/wp-json\/wp\/v2\/pages\/741\/revisions"}],"wp:attachment":[{"href":"https:\/\/ebakaimmigration.com\/fr\/wp-json\/wp\/v2\/media?parent=741"}],"curies":[{"name":"wp","href":"https:\/\/api.w.org\/{rel}","templated":true}]}}