{"id":760,"date":"2020-08-08T11:03:52","date_gmt":"2020-08-08T11:03:52","guid":{"rendered":"http:\/\/smartdemowp.com\/visarzo\/?page_id=760"},"modified":"2021-06-11T13:28:47","modified_gmt":"2021-06-11T17:28:47","slug":"news","status":"publish","type":"page","link":"https:\/\/ebakaimmigration.com\/fr\/news\/","title":{"rendered":"nouvelles"},"content":{"rendered":"<div data-elementor-type=\"wp-page\" data-elementor-id=\"760\" class=\"elementor elementor-760\">\n\t\t\t\t\t\t<section class=\"elementor-section elementor-top-section elementor-element elementor-element-0a28947 elementor-section-stretched elementor-section-full_width elementor-section-height-default elementor-section-height-default\" data-id=\"0a28947\" data-element_type=\"section\" data-settings=\"{&quot;stretch_section&quot;:&quot;section-stretched&quot;}\">\n\t\t\t\t\t\t<div class=\"elementor-container elementor-column-gap-no\">\n\t\t\t\t\t<div class=\"elementor-column elementor-col-100 elementor-top-column elementor-element elementor-element-f43b07b\" data-id=\"f43b07b\" data-element_type=\"column\">\n\t\t\t<div class=\"elementor-widget-wrap elementor-element-populated\">\n\t\t\t\t\t\t<div class=\"elementor-element elementor-element-c5c3c27 elementor-widget elementor-widget-visarzo_blog\" data-id=\"c5c3c27\" data-element_type=\"widget\" data-widget_type=\"visarzo_blog.default\">\n\t\t\t\t<div class=\"elementor-widget-container\">\n\t\t\t\t\t\t\t\t<section class=\"news-section sec-pad-2\">\n\t\t\t<div class=\"auto-container\">\n\t\t\t\t\t\t\t<div class=\"row clearfix\">\n\t\t\t\t\t\t\t\t\t\t\n\t\t\t\t\t<div class=\"col-lg-4 col-md-6 col-sm-12 news-block\">\n\t\t\t\t\t\t<div class=\"news-block-one wow fadeInUp animated animated\" data-wow-delay=\"0ms\" data-wow-duration=\"1500ms\">\n\t\t\t\t\t\t\t<div class=\"inner-box\">\n\t\t\t\t\t\t\t\t<figure class=\"image-box\"><a href=\"https:\/\/ebakaimmigration.com\/fr\/2021\/11\/undeclared-family-members-can-immigrate-to-canada\/\">\n\t\t\t\t\t<img fetchpriority=\"high\" decoding=\"async\" width=\"360\" height=\"300\" src=\"https:\/\/ebakaimmigration.com\/wp-content\/uploads\/2021\/11\/qtq80-sD6FYE-360x300.jpeg\" class=\"attachment-visarzo-blog-grid size-visarzo-blog-grid wp-post-image\" alt=\"\" \/>\t\t\t\t\t\t\t\t\t\t <\/a>\n\t\t\t\t\t\t\t\t<\/figure>\n\t\t\t\t\t\t\t\t<div class=\"lower-content\">\n\t\t\t\t\t\t\t\t\t<div class=\"post-date\"><h2>01<\/h2><span>Nov<\/span><\/div>\n\t\t\t\t\t\t\t\t\t<h3><a href=\"https:\/\/ebakaimmigration.com\/fr\/2021\/11\/undeclared-family-members-can-immigrate-to-canada\/\">Les membres de la famille non d\u00e9clar\u00e9s peuvent immigrer au Canada !<\/a><\/h3>\n\t\t\t\t\t\t\t\t\t<ul class=\"post-info clearfix\">\n\t\t\t\t\t\t\t\t\n\t\t\t\t\t\t\t\t\t<li><a href=\"https:\/\/ebakaimmigration.com\/fr\/author\/ebaka\/\">By E.Baka Immigration<\/a><\/li>\n\t\t\t\t\t\t\t\t\t<li>\n\t\t\t\t\t\t\t\t\t\t\t\t\t\t\t\t<a href=\"https:\/\/ebakaimmigration.com\/fr\/category\/bilingual-candidates\/\">Bilingual Candidates<\/a>\n\t\t\t\t\t\t  \t\t\t\t\t\t\t\t\t\t\t<a href=\"https:\/\/ebakaimmigration.com\/fr\/category\/covid-19\/\">Covid-19<\/a>\n\t\t\t\t\t\t  \t\t\t\t\t\t\t\t\t\t\t<a href=\"https:\/\/ebakaimmigration.com\/fr\/category\/government-news\/\">Nouvelles du gouvernement<\/a>\n\t\t\t\t\t\t  \t\t\t\t\t\t\t\t\t\t\t<a href=\"https:\/\/ebakaimmigration.com\/fr\/category\/inadmissibility\/\">Inadmissibilit\u00e9<\/a>\n\t\t\t\t\t\t  \t\t\t\t\t\t\t\t\t\t\t<a href=\"https:\/\/ebakaimmigration.com\/fr\/category\/sponsorship\/\">Parrainage<\/a>\n\t\t\t\t\t\t  \t\t\t\t\t\t\t\t\t\t\t<a href=\"https:\/\/ebakaimmigration.com\/fr\/category\/visa\/\">Visa<\/a>\n\t\t\t\t\t\t  \t\t\t\t\t\t\t\t\t<\/li>\n\t\t\t\t\t\t\t\t\t<\/ul>\n\t\t\t\t\t\t\t\t\t<div class=\"link\"><a href=\"https:\/\/ebakaimmigration.com\/fr\/2021\/11\/undeclared-family-members-can-immigrate-to-canada\/\">Lire Plus<i class=\"flaticon-send\"><\/i><\/a><\/div>\n\t\t\t\t\t\t\t\t<\/div>\n\t\t\t\t\t\t\t<\/div>\n\t\t\t\t\t\t<\/div>\n\t\t\t\t\t<\/div>\n\t\t\t\t\t\t\t\t\t\t\t\t\n\t\t\t\t\t<div class=\"col-lg-4 col-md-6 col-sm-12 news-block\">\n\t\t\t\t\t\t<div class=\"news-block-one wow fadeInUp animated animated\" data-wow-delay=\"300ms\" data-wow-duration=\"1500ms\">\n\t\t\t\t\t\t\t<div class=\"inner-box\">\n\t\t\t\t\t\t\t\t<figure class=\"image-box\"><a href=\"https:\/\/ebakaimmigration.com\/fr\/2021\/08\/planning-an-immigration-medical-exam-you-may-be-exempt\/\">\n\t\t\t\t\t<img decoding=\"async\" width=\"360\" height=\"300\" src=\"https:\/\/ebakaimmigration.com\/wp-content\/uploads\/2021\/11\/qtq80-oaIx7t-360x300.jpeg\" class=\"attachment-visarzo-blog-grid size-visarzo-blog-grid wp-post-image\" alt=\"\" \/>\t\t\t\t\t\t\t\t\t\t <\/a>\n\t\t\t\t\t\t\t\t<\/figure>\n\t\t\t\t\t\t\t\t<div class=\"lower-content\">\n\t\t\t\t\t\t\t\t\t<div class=\"post-date\"><h2>11<\/h2><span>Ao\u00fbt<\/span><\/div>\n\t\t\t\t\t\t\t\t\t<h3><a href=\"https:\/\/ebakaimmigration.com\/fr\/2021\/08\/planning-an-immigration-medical-exam-you-may-be-exempt\/\">Avez-vous l'intention de faire un examen m\u00e9dical d'immigration ? - Vous pouvez \u00eatre exempt\u00e9 !<\/a><\/h3>\n\t\t\t\t\t\t\t\t\t<ul class=\"post-info clearfix\">\n\t\t\t\t\t\t\t\t\n\t\t\t\t\t\t\t\t\t<li><a href=\"https:\/\/ebakaimmigration.com\/fr\/author\/ebaka\/\">By E.Baka Immigration<\/a><\/li>\n\t\t\t\t\t\t\t\t\t<li>\n\t\t\t\t\t\t\t\t\t\t\t\t\t\t\t\t<a href=\"https:\/\/ebakaimmigration.com\/fr\/category\/government-news\/\">Nouvelles du gouvernement<\/a>\n\t\t\t\t\t\t  \t\t\t\t\t\t\t\t\t\t\t<a href=\"https:\/\/ebakaimmigration.com\/fr\/category\/medical-exam\/\">Examen m\u00e9dical<\/a>\n\t\t\t\t\t\t  \t\t\t\t\t\t\t\t\t<\/li>\n\t\t\t\t\t\t\t\t\t<\/ul>\n\t\t\t\t\t\t\t\t\t<div class=\"link\"><a href=\"https:\/\/ebakaimmigration.com\/fr\/2021\/08\/planning-an-immigration-medical-exam-you-may-be-exempt\/\">Lire Plus<i class=\"flaticon-send\"><\/i><\/a><\/div>\n\t\t\t\t\t\t\t\t<\/div>\n\t\t\t\t\t\t\t<\/div>\n\t\t\t\t\t\t<\/div>\n\t\t\t\t\t<\/div>\n\t\t\t\t\t\t\t\t\t\t\t\t\n\t\t\t\t\t<div class=\"col-lg-4 col-md-6 col-sm-12 news-block\">\n\t\t\t\t\t\t<div class=\"news-block-one wow fadeInUp animated animated\" data-wow-delay=\"600ms\" data-wow-duration=\"1500ms\">\n\t\t\t\t\t\t\t<div class=\"inner-box\">\n\t\t\t\t\t\t\t\t<figure class=\"image-box\"><a href=\"https:\/\/ebakaimmigration.com\/fr\/2021\/04\/canada-welcoming-90000-permanent-residents-could-you-be-one-of-them\/\">\n\t\t\t\t\t\t\t\t\t\t\t\t\t\t\t<img decoding=\"async\" src=\"https:\/\/ebakaimmigration.com\/wp-content\/uploads\/2021\/04\/New-immigrants.jpg\" alt=\"Awesome Image\">\n\t\t\t\t\t\t\t\t\t\t\t\t\t\t\t\t\t <\/a>\n\t\t\t\t\t\t\t\t<\/figure>\n\t\t\t\t\t\t\t\t<div class=\"lower-content\">\n\t\t\t\t\t\t\t\t\t<div class=\"post-date\"><h2>27<\/h2><span>Avr<\/span><\/div>\n\t\t\t\t\t\t\t\t\t<h3><a href=\"https:\/\/ebakaimmigration.com\/fr\/2021\/04\/canada-welcoming-90000-permanent-residents-could-you-be-one-of-them\/\">Le Canada accueille 90 000 r\u00e9sidents permanents - Pourriez-vous \u00eatre l'un d'entre eux ?<\/a><\/h3>\n\t\t\t\t\t\t\t\t\t<ul class=\"post-info clearfix\">\n\t\t\t\t\t\t\t\t\n\t\t\t\t\t\t\t\t\t<li><a href=\"https:\/\/ebakaimmigration.com\/fr\/author\/ebaka\/\">By E.Baka Immigration<\/a><\/li>\n\t\t\t\t\t\t\t\t\t<li>\n\t\t\t\t\t\t\t\t\t\t\t\t\t\t\t\t<a href=\"https:\/\/ebakaimmigration.com\/fr\/category\/government-news\/\">Nouvelles du gouvernement<\/a>\n\t\t\t\t\t\t  \t\t\t\t\t\t\t\t\t<\/li>\n\t\t\t\t\t\t\t\t\t<\/ul>\n\t\t\t\t\t\t\t\t\t<div class=\"link\"><a href=\"https:\/\/ebakaimmigration.com\/fr\/2021\/04\/canada-welcoming-90000-permanent-residents-could-you-be-one-of-them\/\">Lire Plus<i class=\"flaticon-send\"><\/i><\/a><\/div>\n\t\t\t\t\t\t\t\t<\/div>\n\t\t\t\t\t\t\t<\/div>\n\t\t\t\t\t\t<\/div>\n\t\t\t\t\t<\/div>\n\t\t\t\t\t\n\t\t\t\t<\/div>\n\t\t\t<\/div>\n\t\t<\/section>\n\t\t\t\t\t\t\t\t<!-- news-style-three end -->\n\t\t \t\t<\/div>\n\t\t\t\t<\/div>\n\t\t\t\t\t<\/div>\n\t\t<\/div>\n\t\t\t\t\t<\/div>\n\t\t<\/section>\n\t\t\t\t<\/div>","protected":false},"excerpt":{"rendered":"<p>06 Aug Covid-19 And Its Impact On USA Immigration By admin Study Visa Read More 06 Aug UK To Offers [&hellip;]<\/p>\n","protected":false},"author":1,"featured_media":2774,"parent":0,"menu_order":0,"comment_status":"closed","ping_status":"closed","template":"elementor_header_footer","meta":{"_coblocks_attr":"","_coblocks_dimensions":"","_coblocks_responsive_height":"","_coblocks_accordion_ie_support":"","footnotes":""},"class_list":["post-760","page","type-page","status-publish","has-post-thumbnail","hentry"],"yoast_head":"<!-- This site is optimized with the Yoast SEO plugin v27.5 - https:\/\/yoast.com\/product\/yoast-seo-wordpress\/ -->\n<title>News - Canadian immigration consultancy | immigration consultant in Ottawa | E.Baka Immigration<\/title>\n<meta name=\"robots\" content=\"index, follow, max-snippet:-1, max-image-preview:large, max-video-preview:-1\" \/>\n<link rel=\"canonical\" href=\"https:\/\/ebakaimmigration.com\/fr\/news\/\" \/>\n<meta property=\"og:locale\" content=\"fr_FR\" \/>\n<meta property=\"og:type\" content=\"article\" \/>\n<meta property=\"og:title\" content=\"News - Canadian immigration consultancy | immigration consultant in Ottawa | E.Baka Immigration\" \/>\n<meta property=\"og:description\" content=\"06 Aug Covid-19 And Its Impact On USA Immigration By admin Study Visa Read More 06 Aug UK To Offers [&hellip;]\" \/>\n<meta property=\"og:url\" content=\"https:\/\/ebakaimmigration.com\/fr\/news\/\" \/>\n<meta property=\"og:site_name\" content=\"Canadian immigration consultancy | immigration consultant in Ottawa | E.Baka Immigration\" \/>\n<meta property=\"article:modified_time\" content=\"2021-06-11T17:28:47+00:00\" \/>\n<meta property=\"og:image\" content=\"https:\/\/ebakaimmigration.com\/wp-content\/uploads\/2021\/05\/Ebaka-News.jpg\" \/>\n\t<meta property=\"og:image:width\" content=\"1280\" \/>\n\t<meta property=\"og:image:height\" content=\"360\" \/>\n\t<meta property=\"og:image:type\" content=\"image\/jpeg\" \/>\n<meta name=\"twitter:card\" content=\"summary_large_image\" \/>\n<script type=\"application\/ld+json\" class=\"yoast-schema-graph\">{\"@context\":\"https:\\\/\\\/schema.org\",\"@graph\":[{\"@type\":\"WebPage\",\"@id\":\"https:\\\/\\\/ebakaimmigration.com\\\/news\\\/\",\"url\":\"https:\\\/\\\/ebakaimmigration.com\\\/news\\\/\",\"name\":\"News - Canadian immigration consultancy | immigration consultant in Ottawa | E.Baka Immigration\",\"isPartOf\":{\"@id\":\"https:\\\/\\\/ebakaimmigration.com\\\/#website\"},\"primaryImageOfPage\":{\"@id\":\"https:\\\/\\\/ebakaimmigration.com\\\/news\\\/#primaryimage\"},\"image\":{\"@id\":\"https:\\\/\\\/ebakaimmigration.com\\\/news\\\/#primaryimage\"},\"thumbnailUrl\":\"https:\\\/\\\/ebakaimmigration.com\\\/wp-content\\\/uploads\\\/2021\\\/05\\\/Ebaka-News.jpg\",\"datePublished\":\"2020-08-08T11:03:52+00:00\",\"dateModified\":\"2021-06-11T17:28:47+00:00\",\"breadcrumb\":{\"@id\":\"https:\\\/\\\/ebakaimmigration.com\\\/news\\\/#breadcrumb\"},\"inLanguage\":\"fr-FR\",\"potentialAction\":[{\"@type\":\"ReadAction\",\"target\":[\"https:\\\/\\\/ebakaimmigration.com\\\/news\\\/\"]}]},{\"@type\":\"ImageObject\",\"inLanguage\":\"fr-FR\",\"@id\":\"https:\\\/\\\/ebakaimmigration.com\\\/news\\\/#primaryimage\",\"url\":\"https:\\\/\\\/ebakaimmigration.com\\\/wp-content\\\/uploads\\\/2021\\\/05\\\/Ebaka-News.jpg\",\"contentUrl\":\"https:\\\/\\\/ebakaimmigration.com\\\/wp-content\\\/uploads\\\/2021\\\/05\\\/Ebaka-News.jpg\",\"width\":1280,\"height\":360},{\"@type\":\"BreadcrumbList\",\"@id\":\"https:\\\/\\\/ebakaimmigration.com\\\/news\\\/#breadcrumb\",\"itemListElement\":[{\"@type\":\"ListItem\",\"position\":1,\"name\":\"Home\",\"item\":\"https:\\\/\\\/ebakaimmigration.com\\\/\"},{\"@type\":\"ListItem\",\"position\":2,\"name\":\"News\"}]},{\"@type\":\"WebSite\",\"@id\":\"https:\\\/\\\/ebakaimmigration.com\\\/#website\",\"url\":\"https:\\\/\\\/ebakaimmigration.com\\\/\",\"name\":\"Canadian immigration consultancy | immigration consultant in Ottawa | E.Baka Immigration\",\"description\":\"\",\"publisher\":{\"@id\":\"https:\\\/\\\/ebakaimmigration.com\\\/#organization\"},\"potentialAction\":[{\"@type\":\"SearchAction\",\"target\":{\"@type\":\"EntryPoint\",\"urlTemplate\":\"https:\\\/\\\/ebakaimmigration.com\\\/?s={search_term_string}\"},\"query-input\":{\"@type\":\"PropertyValueSpecification\",\"valueRequired\":true,\"valueName\":\"search_term_string\"}}],\"inLanguage\":\"fr-FR\"},{\"@type\":\"Organization\",\"@id\":\"https:\\\/\\\/ebakaimmigration.com\\\/#organization\",\"name\":\"Canadian immigration consultancy | immigration consultant in Ottawa | E.Baka Immigration\",\"url\":\"https:\\\/\\\/ebakaimmigration.com\\\/\",\"logo\":{\"@type\":\"ImageObject\",\"inLanguage\":\"fr-FR\",\"@id\":\"https:\\\/\\\/ebakaimmigration.com\\\/#\\\/schema\\\/logo\\\/image\\\/\",\"url\":\"https:\\\/\\\/ebakaimmigration.com\\\/wp-content\\\/uploads\\\/2021\\\/04\\\/cropped-Logo-file-for-anyone-that-needs-to-print-it-e1619717318548-1.png\",\"contentUrl\":\"https:\\\/\\\/ebakaimmigration.com\\\/wp-content\\\/uploads\\\/2021\\\/04\\\/cropped-Logo-file-for-anyone-that-needs-to-print-it-e1619717318548-1.png\",\"width\":300,\"height\":98,\"caption\":\"Canadian immigration consultancy | immigration consultant in Ottawa | E.Baka Immigration\"},\"image\":{\"@id\":\"https:\\\/\\\/ebakaimmigration.com\\\/#\\\/schema\\\/logo\\\/image\\\/\"}}]}<\/script>\n<!-- \/ Yoast SEO plugin. -->","yoast_head_json":{"title":"News - Canadian immigration consultancy | immigration consultant in Ottawa | E.Baka Immigration","robots":{"index":"index","follow":"follow","max-snippet":"max-snippet:-1","max-image-preview":"max-image-preview:large","max-video-preview":"max-video-preview:-1"},"canonical":"https:\/\/ebakaimmigration.com\/fr\/news\/","og_locale":"fr_FR","og_type":"article","og_title":"News - Canadian immigration consultancy | immigration consultant in Ottawa | E.Baka Immigration","og_description":"06 Aug Covid-19 And Its Impact On USA Immigration By admin Study Visa Read More 06 Aug UK To Offers [&hellip;]","og_url":"https:\/\/ebakaimmigration.com\/fr\/news\/","og_site_name":"Canadian immigration consultancy | immigration consultant in Ottawa | E.Baka Immigration","article_modified_time":"2021-06-11T17:28:47+00:00","og_image":[{"width":1280,"height":360,"url":"https:\/\/ebakaimmigration.com\/wp-content\/uploads\/2021\/05\/Ebaka-News.jpg","type":"image\/jpeg"}],"twitter_card":"summary_large_image","schema":{"@context":"https:\/\/schema.org","@graph":[{"@type":"WebPage","@id":"https:\/\/ebakaimmigration.com\/news\/","url":"https:\/\/ebakaimmigration.com\/news\/","name":"News - Canadian immigration consultancy | immigration consultant in Ottawa | E.Baka Immigration","isPartOf":{"@id":"https:\/\/ebakaimmigration.com\/#website"},"primaryImageOfPage":{"@id":"https:\/\/ebakaimmigration.com\/news\/#primaryimage"},"image":{"@id":"https:\/\/ebakaimmigration.com\/news\/#primaryimage"},"thumbnailUrl":"https:\/\/ebakaimmigration.com\/wp-content\/uploads\/2021\/05\/Ebaka-News.jpg","datePublished":"2020-08-08T11:03:52+00:00","dateModified":"2021-06-11T17:28:47+00:00","breadcrumb":{"@id":"https:\/\/ebakaimmigration.com\/news\/#breadcrumb"},"inLanguage":"fr-FR","potentialAction":[{"@type":"ReadAction","target":["https:\/\/ebakaimmigration.com\/news\/"]}]},{"@type":"ImageObject","inLanguage":"fr-FR","@id":"https:\/\/ebakaimmigration.com\/news\/#primaryimage","url":"https:\/\/ebakaimmigration.com\/wp-content\/uploads\/2021\/05\/Ebaka-News.jpg","contentUrl":"https:\/\/ebakaimmigration.com\/wp-content\/uploads\/2021\/05\/Ebaka-News.jpg","width":1280,"height":360},{"@type":"BreadcrumbList","@id":"https:\/\/ebakaimmigration.com\/news\/#breadcrumb","itemListElement":[{"@type":"ListItem","position":1,"name":"Home","item":"https:\/\/ebakaimmigration.com\/"},{"@type":"ListItem","position":2,"name":"News"}]},{"@type":"WebSite","@id":"https:\/\/ebakaimmigration.com\/#website","url":"https:\/\/ebakaimmigration.com\/","name":"Canadian immigration consultancy | immigration consultant in Ottawa | E.Baka Immigration","description":"","publisher":{"@id":"https:\/\/ebakaimmigration.com\/#organization"},"potentialAction":[{"@type":"SearchAction","target":{"@type":"EntryPoint","urlTemplate":"https:\/\/ebakaimmigration.com\/?s={search_term_string}"},"query-input":{"@type":"PropertyValueSpecification","valueRequired":true,"valueName":"search_term_string"}}],"inLanguage":"fr-FR"},{"@type":"Organization","@id":"https:\/\/ebakaimmigration.com\/#organization","name":"Canadian immigration consultancy | immigration consultant in Ottawa | E.Baka Immigration","url":"https:\/\/ebakaimmigration.com\/","logo":{"@type":"ImageObject","inLanguage":"fr-FR","@id":"https:\/\/ebakaimmigration.com\/#\/schema\/logo\/image\/","url":"https:\/\/ebakaimmigration.com\/wp-content\/uploads\/2021\/04\/cropped-Logo-file-for-anyone-that-needs-to-print-it-e1619717318548-1.png","contentUrl":"https:\/\/ebakaimmigration.com\/wp-content\/uploads\/2021\/04\/cropped-Logo-file-for-anyone-that-needs-to-print-it-e1619717318548-1.png","width":300,"height":98,"caption":"Canadian immigration consultancy | immigration consultant in Ottawa | E.Baka Immigration"},"image":{"@id":"https:\/\/ebakaimmigration.com\/#\/schema\/logo\/image\/"}}]}},"_links":{"self":[{"href":"https:\/\/ebakaimmigration.com\/fr\/wp-json\/wp\/v2\/pages\/760","targetHints":{"allow":["GET"]}}],"collection":[{"href":"https:\/\/ebakaimmigration.com\/fr\/wp-json\/wp\/v2\/pages"}],"about":[{"href":"https:\/\/ebakaimmigration.com\/fr\/wp-json\/wp\/v2\/types\/page"}],"author":[{"embeddable":true,"href":"https:\/\/ebakaimmigration.com\/fr\/wp-json\/wp\/v2\/users\/1"}],"replies":[{"embeddable":true,"href":"https:\/\/ebakaimmigration.com\/fr\/wp-json\/wp\/v2\/comments?post=760"}],"version-history":[{"count":2,"href":"https:\/\/ebakaimmigration.com\/fr\/wp-json\/wp\/v2\/pages\/760\/revisions"}],"predecessor-version":[{"id":2010,"href":"https:\/\/ebakaimmigration.com\/fr\/wp-json\/wp\/v2\/pages\/760\/revisions\/2010"}],"wp:featuredmedia":[{"embeddable":true,"href":"https:\/\/ebakaimmigration.com\/fr\/wp-json\/wp\/v2\/media\/2774"}],"wp:attachment":[{"href":"https:\/\/ebakaimmigration.com\/fr\/wp-json\/wp\/v2\/media?parent=760"}],"curies":[{"name":"wp","href":"https:\/\/api.w.org\/{rel}","templated":true}]}}